{"id":28,"date":"2024-11-04T04:30:19","date_gmt":"2024-11-04T04:30:19","guid":{"rendered":"https:\/\/themegavias.com\/wp\/travivu\/?page_id=28"},"modified":"2024-11-04T04:30:19","modified_gmt":"2024-11-04T04:30:19","slug":"how-it-work","status":"publish","type":"page","link":"https:\/\/egypt-snorkeling.com\/ro\/how-it-work\/","title":{"rendered":"Cum func\u021bioneaz\u0103"},"content":{"rendered":"<div data-elementor-type=\"wp-page\" data-elementor-id=\"28\" class=\"elementor elementor-28\">\n\t\t\t\t<div class=\"elementor-element elementor-element-abc59f5 e-flex e-con-boxed e-con e-parent\" data-id=\"abc59f5\" data-element_type=\"container\" data-e-type=\"container\" data-settings=\"{&quot;background_background&quot;:&quot;slideshow&quot;,&quot;background_slideshow_gallery&quot;:[{&quot;id&quot;:124,&quot;url&quot;:&quot;https:\\\/\\\/themegavias.com\\\/wp\\\/travivu\\\/wp-content\\\/uploads\\\/2024\\\/11\\\/breadcrumb.jpg&quot;},{&quot;id&quot;:127,&quot;url&quot;:&quot;https:\\\/\\\/themegavias.com\\\/wp\\\/travivu\\\/wp-content\\\/uploads\\\/2024\\\/11\\\/breadcrumb-01.jpg&quot;}],&quot;background_slideshow_ken_burns&quot;:&quot;yes&quot;,&quot;background_slideshow_loop&quot;:&quot;yes&quot;,&quot;background_slideshow_slide_duration&quot;:5000,&quot;background_slideshow_slide_transition&quot;:&quot;fade&quot;,&quot;background_slideshow_transition_duration&quot;:500,&quot;background_slideshow_ken_burns_zoom_direction&quot;:&quot;in&quot;}\">\n\t\t\t\t\t<div class=\"e-con-inner\">\n\t\t<div class=\"elementor-element elementor-element-c70c0c6 e-con-full e-flex e-con e-child\" data-id=\"c70c0c6\" data-element_type=\"container\" data-e-type=\"container\">\n\t\t\t\t<div class=\"elementor-element elementor-element-e032471 elementor-widget elementor-widget-gva-heading-block\" data-id=\"e032471\" data-element_type=\"widget\" data-e-type=\"widget\" data-widget_type=\"gva-heading-block.default\">\n\t\t\t\t<div class=\"elementor-widget-container\">\n\t\t\t\t\t<div class=\"gva-element-gva-heading-block gva-element\">\r\n   <div class=\"align-center style-1 widget gsc-heading box-align-left auto-responsive\">\r\n      \r\n      <div class=\"content-inner\">\r\n                  \r\n           \r\n         \r\n                     <h2 class=\"title\">\r\n               <span>Exploreaz\u0103 Lumile<\/span>\r\n            <\/h2>\r\n                  \r\n                     <div class=\"title-desc\">Oamenii nu iau, c\u0103l\u0103toriile iau oameni<\/div>\r\n         \r\n               <\/div>\r\n\r\n   <\/div>\r\n\r\n<\/div>\t\t\t\t<\/div>\n\t\t\t\t<\/div>\n\t\t\t\t<\/div>\n\t\t\t\t\t<\/div>\n\t\t\t\t<\/div>\n\t\t<div class=\"elementor-element elementor-element-36859ac e-flex e-con-boxed e-con e-parent\" data-id=\"36859ac\" data-element_type=\"container\" data-e-type=\"container\" data-settings=\"{&quot;background_background&quot;:&quot;classic&quot;}\">\n\t\t\t\t\t<div class=\"e-con-inner\">\n\t\t<div class=\"elementor-element elementor-element-7a498f4 e-con-full e-flex e-con e-child\" data-id=\"7a498f4\" data-element_type=\"container\" data-e-type=\"container\">\n\t\t\t\t<div class=\"elementor-element elementor-element-3502601 elementor-widget__width-initial elementor-widget elementor-widget-gva-features-block\" data-id=\"3502601\" data-element_type=\"widget\" data-e-type=\"widget\" data-widget_type=\"gva-features-block.default\">\n\t\t\t\t<div class=\"elementor-widget-container\">\n\t\t\t\t\t<div class=\"gva-element-gva-features-block gva-element\">\r\n\r\n\r\n\r\n<div class=\"feature-three__single\"><div class=\"feature-three__wrapper\"><span class=\"feature-three__number\">01<\/span><div class=\"feature-three__content\"><div class=\"feature-three__icon\"><i aria-hidden=\"true\" class=\"ticon-world-2\"><\/i><\/div><h3 class=\"feature-three__title\">C\u0103utare<br>\nTurneu a\u0219teptat<\/h3><\/div><div class=\"feature-three__desc\">Exist\u0103 multe variante ale pasajelor din Lorem Ipsum, dar majoritatea au suferit modific\u0103ri \u00eentr-o anumit\u0103 form\u0103 prin injectarea de umor., <\/div><\/div><\/div><\/div>\t\t\t\t<\/div>\n\t\t\t\t<\/div>\n\t\t\t\t<\/div>\n\t\t<div class=\"elementor-element elementor-element-6b259c4 e-con-full e-flex e-con e-child\" data-id=\"6b259c4\" data-element_type=\"container\" data-e-type=\"container\">\n\t\t\t\t<div class=\"elementor-element elementor-element-bb7d478 elementor-widget elementor-widget-image\" data-id=\"bb7d478\" data-element_type=\"widget\" data-e-type=\"widget\" data-widget_type=\"image.default\">\n\t\t\t\t\t\t\t\t\t\t\t\t\t\t\t<img fetchpriority=\"high\" decoding=\"async\" width=\"500\" height=\"635\" src=\"https:\/\/egypt-snorkeling.com\/wp-content\/uploads\/2025\/01\/image-37.jpg\" class=\"attachment-full size-full wp-image-383\" alt=\"\" \/>\t\t\t\t\t\t\t\t\t\t\t\t\t\t\t<\/div>\n\t\t\t\t<\/div>\n\t\t<div class=\"elementor-element elementor-element-4ff88ab e-con-full e-flex e-con e-child\" data-id=\"4ff88ab\" data-element_type=\"container\" data-e-type=\"container\">\n\t\t\t\t<div class=\"elementor-element elementor-element-5ef875b elementor-widget elementor-widget-image\" data-id=\"5ef875b\" data-element_type=\"widget\" data-e-type=\"widget\" data-widget_type=\"image.default\">\n\t\t\t\t\t\t\t\t\t\t\t\t\t\t\t<img decoding=\"async\" width=\"500\" height=\"635\" src=\"https:\/\/egypt-snorkeling.com\/wp-content\/uploads\/2025\/01\/image-38.jpg\" class=\"attachment-full size-full wp-image-401\" alt=\"\" \/>\t\t\t\t\t\t\t\t\t\t\t\t\t\t\t<\/div>\n\t\t\t\t<\/div>\n\t\t<div class=\"elementor-element elementor-element-6dae889 e-con-full e-flex e-con e-child\" data-id=\"6dae889\" data-element_type=\"container\" data-e-type=\"container\">\n\t\t\t\t<div class=\"elementor-element elementor-element-8b71b9f elementor-widget__width-initial elementor-widget elementor-widget-gva-features-block\" data-id=\"8b71b9f\" data-element_type=\"widget\" data-e-type=\"widget\" data-widget_type=\"gva-features-block.default\">\n\t\t\t\t<div class=\"elementor-widget-container\">\n\t\t\t\t\t<div class=\"gva-element-gva-features-block gva-element\">\r\n\r\n\r\n\r\n<div class=\"feature-three__single\"><div class=\"feature-three__wrapper\"><span class=\"feature-three__number\">02<\/span><div class=\"feature-three__content\"><div class=\"feature-three__icon\"><i aria-hidden=\"true\" class=\"ticon-location\"><\/i><\/div><h3 class=\"feature-three__title\">Selecta <br>\nLocul de vis<\/h3><\/div><div class=\"feature-three__desc\">Exist\u0103 multe variante ale pasajelor din Lorem Ipsum, dar majoritatea au suferit modific\u0103ri \u00eentr-o anumit\u0103 form\u0103 prin injectarea de umor., <\/div><\/div><\/div><\/div>\t\t\t\t<\/div>\n\t\t\t\t<\/div>\n\t\t\t\t<\/div>\n\t\t<div class=\"elementor-element elementor-element-cba52e5 e-con-full e-flex e-con e-child\" data-id=\"cba52e5\" data-element_type=\"container\" data-e-type=\"container\">\n\t\t\t\t<div class=\"elementor-element elementor-element-ebe66e9 elementor-widget__width-initial elementor-widget elementor-widget-gva-features-block\" data-id=\"ebe66e9\" data-element_type=\"widget\" data-e-type=\"widget\" data-widget_type=\"gva-features-block.default\">\n\t\t\t\t<div class=\"elementor-widget-container\">\n\t\t\t\t\t<div class=\"gva-element-gva-features-block gva-element\">\r\n\r\n\r\n\r\n<div class=\"feature-three__single\"><div class=\"feature-three__wrapper\"><span class=\"feature-three__number\">03<\/span><div class=\"feature-three__content\"><div class=\"feature-three__icon\"><i aria-hidden=\"true\" class=\"ticon-travel-agency\"><\/i><\/div><h3 class=\"feature-three__title\">Rezerva\u021bi<br>\nDestina\u0163ie<\/h3><\/div><div class=\"feature-three__desc\">Exist\u0103 multe variante ale pasajelor din Lorem Ipsum, dar majoritatea au suferit modific\u0103ri \u00eentr-o anumit\u0103 form\u0103 prin injectarea de umor., <\/div><\/div><\/div><\/div>\t\t\t\t<\/div>\n\t\t\t\t<\/div>\n\t\t\t\t<\/div>\n\t\t<div class=\"elementor-element elementor-element-cef3b0c e-con-full e-flex e-con e-child\" data-id=\"cef3b0c\" data-element_type=\"container\" data-e-type=\"container\">\n\t\t\t\t<div class=\"elementor-element elementor-element-11cd4d4 elementor-widget elementor-widget-image\" data-id=\"11cd4d4\" data-element_type=\"widget\" data-e-type=\"widget\" data-widget_type=\"image.default\">\n\t\t\t\t\t\t\t\t\t\t\t\t\t\t\t<img decoding=\"async\" width=\"500\" height=\"635\" src=\"https:\/\/egypt-snorkeling.com\/wp-content\/uploads\/2025\/01\/image-39.jpg\" class=\"attachment-full size-full wp-image-402\" alt=\"\" \/>\t\t\t\t\t\t\t\t\t\t\t\t\t\t\t<\/div>\n\t\t\t\t<\/div>\n\t\t\t\t\t<\/div>\n\t\t\t\t<\/div>\n\t\t<div class=\"elementor-element elementor-element-1438705 e-flex e-con-boxed e-con e-parent\" data-id=\"1438705\" data-element_type=\"container\" data-e-type=\"container\" data-settings=\"{&quot;background_background&quot;:&quot;classic&quot;}\">\n\t\t\t\t\t<div class=\"e-con-inner\">\n\t\t<div class=\"elementor-element elementor-element-7fc6069 e-con-full e-flex e-con e-child\" data-id=\"7fc6069\" data-element_type=\"container\" data-e-type=\"container\">\n\t\t\t\t<div class=\"elementor-element elementor-element-b8bc0ba elementor-widget elementor-widget-gva-heading-block\" data-id=\"b8bc0ba\" data-element_type=\"widget\" data-e-type=\"widget\" data-widget_type=\"gva-heading-block.default\">\n\t\t\t\t<div class=\"elementor-widget-container\">\n\t\t\t\t\t<div class=\"gva-element-gva-heading-block gva-element\">\r\n   <div class=\"align-left style-2 widget gsc-heading box-align-left auto-responsive\">\r\n      \r\n      <div class=\"content-inner\">\r\n                  \r\n         <div class=\"sub-title\"><span class=\"tagline\">Ofert\u0103 special\u0103 pentru tine<\/span><\/div>  \r\n         \r\n                     <h2 class=\"title\">\r\n               <span>Hai s\u0103-\u021bi transform\u0103m visele de c\u0103l\u0103torie \u00een realitate <\/span>\r\n            <\/h2>\r\n                  \r\n                     <div class=\"title-desc\">Exist\u0103 multe variante ale pasajelor din Lorem Ipsum disponibile, dar majoritatea au <\/div>\r\n         \r\n                     <div class=\"heading-action\">\r\n               \t\t  <a href=\"https:\/\/themegavias.com\/wp\/travivu\/all-tours\/\" class=\"btn-cta btn-white\" target=\"_blank\" rel=\"noopener\">\r\n\t\t\t <span>\u00cencepe\u021bi rezervarea<\/span>\r\n\t\t  <\/a>\r\n\r\n\t\t              <\/div>\r\n               <\/div>\r\n\r\n   <\/div>\r\n\r\n<\/div>\t\t\t\t<\/div>\n\t\t\t\t<\/div>\n\t\t\t\t<\/div>\n\t\t<div class=\"elementor-element elementor-element-61e3874 e-con-full e-flex e-con e-child\" data-id=\"61e3874\" data-element_type=\"container\" data-e-type=\"container\">\n\t\t\t\t<div class=\"elementor-element elementor-element-b2b4e6d elementor-widget elementor-widget-gva-image-content\" data-id=\"b2b4e6d\" data-element_type=\"widget\" data-e-type=\"widget\" data-widget_type=\"gva-image-content.default\">\n\t\t\t\t<div class=\"elementor-widget-container\">\n\t\t\t\t\t<div class=\"gva-element-gva-image-content gva-element\">\t\t\r\n  \r\n\t \r\n\r\n \r\n\r\n\t<div class=\"about-three__single\">\r\n\t  \t<div class=\"about-three__logo\"><img decoding=\"async\" src=\"https:\/\/themegavias.com\/wp\/travivu\/wp-content\/uploads\/2024\/11\/logo-2.png\" alt=\"Quality Standards\" \/><\/div><div class=\"about-three__image\"><div class=\"content-inner\">\t\t  <a href=\"#\">\r\n\t\t\t <img decoding=\"async\" src=\"https:\/\/themegavias.com\/wp\/travivu\/wp-content\/uploads\/2024\/11\/image-04.png\" alt=\"Quality Standards\" \/>\t\t  <\/a>\r\n\t\t  <\/div><\/div><div class=\"about-three__image-second\"><div class=\"content-inner\">\t\t  <a href=\"#\">\r\n\t\t\t <img decoding=\"async\" src=\"https:\/\/themegavias.com\/wp\/travivu\/wp-content\/uploads\/2024\/11\/image-05.png\" alt=\"Quality Standards\" \/>\t\t  <\/a>\r\n\t\t  <\/div><\/div><div class=\"about-three__image-third\"><div class=\"content-inner\">\t\t  <a href=\"#\">\r\n\t\t\t <img decoding=\"async\" src=\"https:\/\/themegavias.com\/wp\/travivu\/wp-content\/uploads\/2024\/11\/image-06.png\" alt=\"Quality Standards\" \/>\t\t  <\/a>\r\n\t\t  <\/div><\/div>\t<\/div>\r\n\r\n \r\n  \r\n \r\n\r\n  \r\n \r\n\r\n \r\n\r\n\r\n\t<\/div>\t\t\t\t<\/div>\n\t\t\t\t<\/div>\n\t\t\t\t<\/div>\n\t\t\t\t\t<\/div>\n\t\t\t\t<\/div>\n\t\t<div class=\"elementor-element elementor-element-7ce0383 e-flex e-con-boxed e-con e-parent\" data-id=\"7ce0383\" data-element_type=\"container\" data-e-type=\"container\">\n\t\t\t\t\t<div class=\"e-con-inner\">\n\t\t<div class=\"elementor-element elementor-element-1a6aab7 e-con-full e-flex e-con e-child\" data-id=\"1a6aab7\" data-element_type=\"container\" data-e-type=\"container\">\n\t\t<div class=\"elementor-element elementor-element-cbd00b5 e-con-full e-flex e-con e-child\" data-id=\"cbd00b5\" data-element_type=\"container\" data-e-type=\"container\" data-settings=\"{&quot;background_background&quot;:&quot;classic&quot;}\">\n\t\t<div class=\"elementor-element elementor-element-c0237a2 e-con-full e-flex e-con e-child\" data-id=\"c0237a2\" data-element_type=\"container\" data-e-type=\"container\" data-settings=\"{&quot;background_background&quot;:&quot;classic&quot;}\">\n\t\t\t\t<div class=\"elementor-element elementor-element-2dcbae4 skin-border elementor-widget elementor-widget-gva_icon_box_group\" data-id=\"2dcbae4\" data-element_type=\"widget\" data-e-type=\"widget\" data-widget_type=\"gva_icon_box_group.default\">\n\t\t\t\t<div class=\"elementor-widget-container\">\n\t\t\t\t\t<div class=\"gva-element-gva_icon_box_group gva-element\">\r\n<div class=\"gsc-icon-box-group layout-grid clearfix no-gutter\">\r\n\t<div class=\"lg-block-grid-2 md-block-grid-2 sm-block-grid-3 xs-block-grid-1 xx-block-grid-1\">\r\n\t\t<div class=\"item-columns\">\r\n<div class=\"icon-box-item elementor-repeater-item-9e6bf01\">\r\n\r\n\t\r\n\t<div class=\"iconbox-two__single\"><div class=\"iconbox-two__wrap\"><div class=\"iconbox-two__icon\"><i aria-hidden=\"true\" class=\"ticon-travel-2\"><\/i><\/div><div class=\"iconbox-two__content\"><h3 class=\"iconbox-two__title\">Drume\u021bii<br> Elemente<\/h3><\/div><\/div><\/div>\r\n\t\r\n\t\r\n\t\r\n<\/div><\/div><div class=\"item-columns\">\r\n<div class=\"icon-box-item elementor-repeater-item-4050029\">\r\n\r\n\t\r\n\t<div class=\"iconbox-two__single\"><div class=\"iconbox-two__wrap\"><div class=\"iconbox-two__icon\"><i aria-hidden=\"true\" class=\"ticon-credit-card\"><\/i><\/div><div class=\"iconbox-two__content\"><h3 class=\"iconbox-two__title\">\u00cenot <br> &amp; Pescuit<\/h3><\/div><\/div><\/div>\r\n\t\r\n\t\r\n\t\r\n<\/div><\/div><div class=\"item-columns\">\r\n<div class=\"icon-box-item elementor-repeater-item-7a5e914\">\r\n\r\n\t\r\n\t<div class=\"iconbox-two__single active\"><div class=\"iconbox-two__wrap\"><div class=\"iconbox-two__icon\"><i aria-hidden=\"true\" class=\"ticon-trip-2\"><\/i><\/div><div class=\"iconbox-two__content\"><h3 class=\"iconbox-two__title\">Experimentat <br> Ghid<\/h3><\/div><\/div><\/div>\r\n\t\r\n\t\r\n\t\r\n<\/div><\/div><div class=\"item-columns\">\r\n<div class=\"icon-box-item elementor-repeater-item-0b69cc6\">\r\n\r\n\t\r\n\t<div class=\"iconbox-two__single\"><div class=\"iconbox-two__wrap\"><div class=\"iconbox-two__icon\"><i aria-hidden=\"true\" class=\"ticon-gym\"><\/i><\/div><div class=\"iconbox-two__content\"><h3 class=\"iconbox-two__title\">SAL\u0102 DE GIMNASTIC\u0102 <br> \u0219i Yoga<\/h3><\/div><\/div><\/div>\r\n\t\r\n\t\r\n\t\r\n<\/div><\/div><div class=\"item-columns\">\r\n<div class=\"icon-box-item elementor-repeater-item-34a2be8\">\r\n\r\n\t\r\n\t<div class=\"iconbox-two__single\"><div class=\"iconbox-two__wrap\"><div class=\"iconbox-two__icon\"><i aria-hidden=\"true\" class=\"ticon-online-booking\"><\/i><\/div><div class=\"iconbox-two__content\"><h3 class=\"iconbox-two__title\">Solar <br> Energie<\/h3><\/div><\/div><\/div>\r\n\t\r\n\t\r\n\t\r\n<\/div><\/div><div class=\"item-columns\">\r\n<div class=\"icon-box-item elementor-repeater-item-b6a5231\">\r\n\r\n\t\r\n\t<div class=\"iconbox-two__single\"><div class=\"iconbox-two__wrap\"><div class=\"iconbox-two__icon\"><i aria-hidden=\"true\" class=\"ticon-wi-fi\"><\/i><\/div><div class=\"iconbox-two__content\"><h3 class=\"iconbox-two__title\">Gratuit <br> Internet<\/h3><\/div><\/div><\/div>\r\n\t\r\n\t\r\n\t\r\n<\/div><\/div>\t<\/div>   \r\n<\/div>\r\n<\/div>\t\t\t\t<\/div>\n\t\t\t\t<\/div>\n\t\t\t\t<\/div>\n\t\t<div class=\"elementor-element elementor-element-422cdb5 e-con-full e-flex e-con e-child\" data-id=\"422cdb5\" data-element_type=\"container\" data-e-type=\"container\">\n\t\t\t\t<div class=\"elementor-element elementor-element-21c1069 elementor-widget elementor-widget-gva-video-box\" data-id=\"21c1069\" data-element_type=\"widget\" data-e-type=\"widget\" data-widget_type=\"gva-video-box.default\">\n\t\t\t\t<div class=\"elementor-widget-container\">\n\t\t\t\t\t<div class=\"gva-element-gva-video-box gva-element\">\r\n         <div class=\"video-one__single\">\r\n         <div class=\"video-one__inner\">\r\n                           <div class=\"video-one__image\">\r\n                  <a href=\"https:\/\/www.youtube.com\/watch?v=-UbYukTFmFU\" class=\"popup-video\" target=\"_blank\" rel=\"noopener\">\r\n                     <img decoding=\"async\" src=\"https:\/\/themegavias.com\/wp\/travivu\/wp-content\/uploads\/2024\/12\/image-18.png\" alt=\"Watch Story\"\/>\r\n                  <\/a>   \r\n               <\/div>\r\n               \r\n            <div class=\"video-one__content\">\r\n               <div class=\"video-one__action\">\r\n                  <a href=\"https:\/\/www.youtube.com\/watch?v=-UbYukTFmFU\" class=\"popup-video\" target=\"_blank\" rel=\"noopener\"><i class=\"fa fa-play\"><\/i><\/a>  \r\n               <\/div>  \r\n                                 <h3 class=\"video-one__title\">\r\n                     Ceas <br>Poveste                  <\/h3>\r\n                           <\/div>    \r\n         <\/div>\r\n         <div class=\"video-one__bg\"><\/div>\r\n      <\/div> \r\n   \r\n   \r\n   \r\n  \r\n<\/div>\t\t\t\t<\/div>\n\t\t\t\t<\/div>\n\t\t\t\t<\/div>\n\t\t\t\t<\/div>\n\t\t\t\t<\/div>\n\t\t\t\t\t<\/div>\n\t\t\t\t<\/div>\n\t\t<div class=\"elementor-element elementor-element-21ed3eb e-flex e-con-boxed e-con e-parent\" data-id=\"21ed3eb\" data-element_type=\"container\" data-e-type=\"container\">\n\t\t\t\t\t<div class=\"e-con-inner\">\n\t\t<div class=\"elementor-element elementor-element-4766db3 e-con-full e-flex e-con e-child\" data-id=\"4766db3\" data-element_type=\"container\" data-e-type=\"container\">\n\t\t\t\t<div class=\"elementor-element elementor-element-fe00513 elementor-widget-divider--view-line elementor-widget elementor-widget-divider\" data-id=\"fe00513\" data-element_type=\"widget\" data-e-type=\"widget\" data-widget_type=\"divider.default\">\n\t\t\t\t\t\t\t<div class=\"elementor-divider\">\n\t\t\t<span class=\"elementor-divider-separator\">\n\t\t\t\t\t\t<\/span>\n\t\t<\/div>\n\t\t\t\t\t\t<\/div>\n\t\t\t\t<div class=\"elementor-element elementor-element-a025263 elementor-widget elementor-widget-heading\" data-id=\"a025263\" data-element_type=\"widget\" data-e-type=\"widget\" data-widget_type=\"heading.default\">\n\t\t\t\t\t<h2 class=\"elementor-heading-title elementor-size-default\">2k + Branduri au \u00eencredere \u00een noi<\/h2>\t\t\t\t<\/div>\n\t\t\t\t<div class=\"elementor-element elementor-element-abc945e elementor-widget-divider--view-line elementor-widget elementor-widget-divider\" data-id=\"abc945e\" data-element_type=\"widget\" data-e-type=\"widget\" data-widget_type=\"divider.default\">\n\t\t\t\t\t\t\t<div class=\"elementor-divider\">\n\t\t\t<span class=\"elementor-divider-separator\">\n\t\t\t\t\t\t<\/span>\n\t\t<\/div>\n\t\t\t\t\t\t<\/div>\n\t\t\t\t<\/div>\n\t\t<div class=\"elementor-element elementor-element-5187a2b e-con-full e-flex e-con e-child\" data-id=\"5187a2b\" data-element_type=\"container\" data-e-type=\"container\">\n\t\t\t\t<div class=\"elementor-element elementor-element-cf8887d elementor-widget elementor-widget-gva-brand\" data-id=\"cf8887d\" data-element_type=\"widget\" data-e-type=\"widget\" data-widget_type=\"gva-brand.default\">\n\t\t\t\t<div class=\"elementor-widget-container\">\n\t\t\t\t\t<div class=\"gva-element-gva-brand gva-element\">\r\n<div class=\"gva-brand-carousel style-1\">\r\n   <div class=\"swiper-content-inner\">\r\n      <div class=\"init-carousel-swiper swiper\" data-carousel=\"{&quot;items&quot;:5,&quot;items_lg&quot;:5,&quot;items_md&quot;:4,&quot;items_sm&quot;:3,&quot;items_xs&quot;:2,&quot;items_xx&quot;:2,&quot;effect&quot;:&quot;slide&quot;,&quot;space_between&quot;:30,&quot;loop&quot;:1,&quot;speed&quot;:600,&quot;autoplay&quot;:1,&quot;autoplay_delay&quot;:4500,&quot;autoplay_hover&quot;:1,&quot;navigation&quot;:1,&quot;pagination&quot;:0,&quot;dynamic_bullets&quot;:0,&quot;pagination_type&quot;:&quot;bullets&quot;}\">\r\n         <div class=\"swiper-wrapper\">\r\n            \r\n            <div class=\"swiper-slide item brand-item\"><div class=\"brand-item-content\"><div class=\"brand-item-image\"><img decoding=\"async\" src=\"https:\/\/themegavias.com\/wp\/travivu\/wp-content\/uploads\/2024\/11\/brand.png\" alt=\"\" class=\"brand-img\"\/><\/div><\/div><\/div><div class=\"swiper-slide item brand-item\"><div class=\"brand-item-content\"><div class=\"brand-item-image\"><img decoding=\"async\" src=\"https:\/\/themegavias.com\/wp\/travivu\/wp-content\/uploads\/2024\/11\/brand.png\" alt=\"\" class=\"brand-img\"\/><\/div><\/div><\/div><div class=\"swiper-slide item brand-item\"><div class=\"brand-item-content\"><div class=\"brand-item-image\"><img decoding=\"async\" src=\"https:\/\/themegavias.com\/wp\/travivu\/wp-content\/uploads\/2024\/11\/brand.png\" alt=\"\" class=\"brand-img\"\/><\/div><\/div><\/div><div class=\"swiper-slide item brand-item\"><div class=\"brand-item-content\"><div class=\"brand-item-image\"><img decoding=\"async\" src=\"https:\/\/themegavias.com\/wp\/travivu\/wp-content\/uploads\/2024\/11\/brand.png\" alt=\"\" class=\"brand-img\"\/><\/div><\/div><\/div><div class=\"swiper-slide item brand-item\"><div class=\"brand-item-content\"><div class=\"brand-item-image\"><img decoding=\"async\" src=\"https:\/\/themegavias.com\/wp\/travivu\/wp-content\/uploads\/2024\/11\/brand.png\" alt=\"\" class=\"brand-img\"\/><\/div><\/div><\/div><div class=\"swiper-slide item brand-item\"><div class=\"brand-item-content\"><div class=\"brand-item-image\"><img decoding=\"async\" src=\"https:\/\/themegavias.com\/wp\/travivu\/wp-content\/uploads\/2024\/11\/brand.png\" alt=\"\" class=\"brand-img\"\/><\/div><\/div><\/div>\r\n         <\/div>\r\n      <\/div>   \r\n   <\/div>\r\n   <div class=\"swiper-pagination\"><\/div>   <div class=\"swiper-nav-next\"><\/div><div class=\"swiper-nav-prev\"><\/div><\/div>\r\n<\/div>\t\t\t\t<\/div>\n\t\t\t\t<\/div>\n\t\t\t\t<\/div>\n\t\t\t\t\t<\/div>\n\t\t\t\t<\/div>\n\t\t\t\t<\/div>","protected":false},"excerpt":{"rendered":"<p>Explore The Worlds People Don\u2019t Take, Trips Take People 01 Search Expected Tour There are many variations of passages of Lorem Ipsum available, but the majority have suffered alteradution in [&hellip;]<\/p>","protected":false},"author":1,"featured_media":0,"parent":0,"menu_order":0,"comment_status":"closed","ping_status":"closed","template":"","meta":{"footnotes":""},"class_list":["post-28","page","type-page","status-publish","hentry"],"_links":{"self":[{"href":"https:\/\/egypt-snorkeling.com\/ro\/wp-json\/wp\/v2\/pages\/28","targetHints":{"allow":["GET"]}}],"collection":[{"href":"https:\/\/egypt-snorkeling.com\/ro\/wp-json\/wp\/v2\/pages"}],"about":[{"href":"https:\/\/egypt-snorkeling.com\/ro\/wp-json\/wp\/v2\/types\/page"}],"author":[{"embeddable":true,"href":"https:\/\/egypt-snorkeling.com\/ro\/wp-json\/wp\/v2\/users\/1"}],"replies":[{"embeddable":true,"href":"https:\/\/egypt-snorkeling.com\/ro\/wp-json\/wp\/v2\/comments?post=28"}],"version-history":[{"count":0,"href":"https:\/\/egypt-snorkeling.com\/ro\/wp-json\/wp\/v2\/pages\/28\/revisions"}],"wp:attachment":[{"href":"https:\/\/egypt-snorkeling.com\/ro\/wp-json\/wp\/v2\/media?parent=28"}],"curies":[{"name":"wp","href":"https:\/\/api.w.org\/{rel}","templated":true}]}}