{"id":24,"date":"2024-11-04T04:29:24","date_gmt":"2024-11-04T04:29:24","guid":{"rendered":"https:\/\/themegavias.com\/wp\/travivu\/?page_id=24"},"modified":"2024-11-04T04:29:24","modified_gmt":"2024-11-04T04:29:24","slug":"news-02","status":"publish","type":"page","link":"https:\/\/egypt-snorkeling.com\/ro\/news-02\/","title":{"rendered":"\u0218tiri 02"},"content":{"rendered":"<div data-elementor-type=\"wp-page\" data-elementor-id=\"24\" class=\"elementor elementor-24\">\n\t\t\t\t<div class=\"elementor-element elementor-element-356d77e e-con-full e-flex e-con e-parent\" data-id=\"356d77e\" data-element_type=\"container\" data-e-type=\"container\">\n\t\t<div class=\"elementor-element elementor-element-5eb3fc4 e-con-full e-flex e-con e-child\" data-id=\"5eb3fc4\" data-element_type=\"container\" data-e-type=\"container\">\n\t\t\t\t<div class=\"elementor-element elementor-element-6957fe0 elementor-widget elementor-widget-gva_post_breadcrumb\" data-id=\"6957fe0\" data-element_type=\"widget\" data-e-type=\"widget\" data-widget_type=\"gva_post_breadcrumb.default\">\n\t\t\t\t<div class=\"elementor-widget-container\">\n\t\t\t\t\t<div class=\"gva-element-gva_post_breadcrumb gva-element\">   \r\n<div class=\"post-breadcrumb\">\r\n   <div class=\"custom-breadcrumb\" >\r\n            <div class=\"breadcrumb-main\">\r\n        <div class=\"container\">\r\n          <div class=\"breadcrumb-container-inner\">\r\n            <h1 class=\"heading-title\">\u0218tiri 02<\/h1><ol class=\"breadcrumb\"><li><a href=\"https:\/\/egypt-snorkeling.com\/ro\">Acas\u0103<\/a> <\/li> <li class=\"active\">Pagin\u0103<\/li><\/ol>          <\/div>  \r\n        <\/div>   \r\n      <\/div>  \r\n   <\/div>\r\n<\/div>      \r\n\r\n<\/div>\t\t\t\t<\/div>\n\t\t\t\t<\/div>\n\t\t\t\t<\/div>\n\t\t\t\t<\/div>\n\t\t<div class=\"elementor-element elementor-element-b7b02da e-flex e-con-boxed e-con e-parent\" data-id=\"b7b02da\" data-element_type=\"container\" data-e-type=\"container\">\n\t\t\t\t\t<div class=\"e-con-inner\">\n\t\t<div class=\"elementor-element elementor-element-941f205 e-con-full e-flex e-con e-child\" data-id=\"941f205\" data-element_type=\"container\" data-e-type=\"container\">\n\t\t\t\t<div class=\"elementor-element elementor-element-a4788b0 elementor-widget elementor-widget-gva-posts\" data-id=\"a4788b0\" data-element_type=\"widget\" data-e-type=\"widget\" data-widget_type=\"gva-posts.default\">\n\t\t\t\t<div class=\"elementor-widget-container\">\n\t\t\t\t\t<div class=\"gva-element-gva-posts gva-element\">  \r\n  <div class=\"gva-posts-grid clearfix gva-posts\">\r\n\t\t<div class=\"gva-content-items\"> \r\n\t\t  <div class=\"lg-block-grid-3 md-block-grid-3 sm-block-grid-2 xs-block-grid-2 xx-block-grid-1\">\r\n\t\t\t <div class=\"item-columns item-even\">\r\n   <article id=\"post-1846\" class=\"post post-two__single post-1846 type-post status-publish format-standard has-post-thumbnail hentry category-hurghada tag-hurghada tag-island tag-red-sea\">\r\n      <div class=\"post-two__content has-thumbnail\">\r\n         <div class=\"post-two__meta schedule-date\">\r\n            <div class=\"post-two__meta-inner\">\r\n                                                <span class=\"post-two__post-comment\"><i class=\"far fa-comments\"><\/i>\r\n                                       <\/span>\r\n                           <\/div>\r\n         <\/div>\r\n         <div class=\"post-two__content-inner\">   \r\n            <div class=\"post-two__infor\">\r\n               <div class=\"left\"><\/div><div class=\"right\"><span class=\"author vcard\">by&nbsp;<\/span><\/div>            <\/div> \r\n            <h3 class=\"post-two__title\"><a href=\"https:\/\/egypt-snorkeling.com\/ro\/hurghada\/orange-bay-vs-giftun-island-which-island-should-you-choose\/\" rel=\"bookmark\">Golful Orange vs. Insula Giftun: Ce insul\u0103 ar trebui s\u0103 alege\u021bi<\/a><\/h3>\r\n         <\/div>\r\n         <div class=\"post-two__read-more\">\r\n            <a href=\"https:\/\/egypt-snorkeling.com\/ro\/hurghada\/orange-bay-vs-giftun-island-which-island-should-you-choose\/\" aria-label=\"leg\u0103tur\u0103\">\r\n               <span class=\"btn-text\">Cite\u015fte mai mult<\/span><i class=\"ticon-right-arrow-1\"><\/i><\/a>\r\n         <\/div>\r\n      <\/div>   \r\n               <div class=\"post-two__thumbnail\">\r\n            <a href=\"https:\/\/egypt-snorkeling.com\/ro\/hurghada\/orange-bay-vs-giftun-island-which-island-should-you-choose\/\">\r\n               <img fetchpriority=\"high\" decoding=\"async\" width=\"560\" height=\"370\" src=\"https:\/\/egypt-snorkeling.com\/wp-content\/uploads\/2024\/11\/Egypt-Snorkling-28-560x370.webp\" class=\"attachment-post-thumbnail size-post-thumbnail wp-post-image\" alt=\"Orange Bay vs Giftun Island: Which Island Should You Choose\" \/>            <\/a>\r\n         <\/div>   \r\n       \r\n   <\/article>   \r\n\r\n  <\/div>\t\t  <\/div>\r\n\t\t<\/div>\r\n\t\t\t\t\t <div class=\"pagination\">\r\n\t\t\t\t  \t\t\t <\/div>\r\n\t\t  <\/div>\r\n  <\/div>\t\t\t\t<\/div>\n\t\t\t\t<\/div>\n\t\t\t\t<\/div>\n\t\t\t\t\t<\/div>\n\t\t\t\t<\/div>\n\t\t<div class=\"elementor-element elementor-element-649f421 e-con-full contain-right e-flex e-con e-parent\" data-id=\"649f421\" data-element_type=\"container\" data-e-type=\"container\">\n\t\t<div class=\"elementor-element elementor-element-3f61aa9 e-con-full e-flex e-con e-child\" data-id=\"3f61aa9\" data-element_type=\"container\" data-e-type=\"container\">\n\t\t\t\t<div class=\"elementor-element elementor-element-f81ff34 elementor-widget elementor-widget-gva-image-content\" data-id=\"f81ff34\" data-element_type=\"widget\" data-e-type=\"widget\" data-widget_type=\"gva-image-content.default\">\n\t\t\t\t<div class=\"elementor-widget-container\">\n\t\t\t\t\t<div class=\"gva-element-gva-image-content gva-element\">\t\t\r\n  \r\n\t \r\n\r\n\t<div class=\"about-two__single\">\r\n\t  \t<div class=\"about-two__image\"><div class=\"content-inner\">\t\t  <a href=\"#\">\r\n\t\t\t <img decoding=\"async\" src=\"https:\/\/themegavias.com\/wp\/travivu\/wp-content\/uploads\/2024\/11\/image-01.jpg\" alt=\"\" \/>\t\t  <\/a>\r\n\t\t  <\/div><\/div><div class=\"about-two__logo\"><img decoding=\"async\" src=\"https:\/\/themegavias.com\/wp\/travivu\/wp-content\/uploads\/2024\/12\/logo-1.png\" alt=\"\" \/><\/div><div class=\"about-two__image-second\"><div class=\"content-inner\">\t\t  <a href=\"#\">\r\n\t\t\t <img decoding=\"async\" src=\"https:\/\/themegavias.com\/wp\/travivu\/wp-content\/uploads\/2024\/11\/image-02.jpg\" alt=\"\" \/>\t\t  <\/a>\r\n\t\t  <\/div><\/div><div class=\"about-two__image-third\"><div class=\"content-inner\">\t\t  <a href=\"#\">\r\n\t\t\t <img decoding=\"async\" src=\"https:\/\/themegavias.com\/wp\/travivu\/wp-content\/uploads\/2024\/12\/image-03.png\" alt=\"\" \/>\t\t  <\/a>\r\n\t\t  <\/div><\/div>\t<\/div>\r\n \r\n\r\n\r\n \r\n  \r\n \r\n\r\n  \r\n \r\n\r\n \r\n\r\n\r\n\t<\/div>\t\t\t\t<\/div>\n\t\t\t\t<\/div>\n\t\t\t\t<\/div>\n\t\t<div class=\"elementor-element elementor-element-e3f6c84 e-con-full e-flex e-con e-child\" data-id=\"e3f6c84\" data-element_type=\"container\" data-e-type=\"container\">\n\t\t\t\t<div class=\"elementor-element elementor-element-b8391b4 elementor-widget elementor-widget-gva-heading-block\" data-id=\"b8391b4\" data-element_type=\"widget\" data-e-type=\"widget\" data-widget_type=\"gva-heading-block.default\">\n\t\t\t\t<div class=\"elementor-widget-container\">\n\t\t\t\t\t<div class=\"gva-element-gva-heading-block gva-element\">\r\n   <div class=\"align-left style-1 widget gsc-heading box-align-left auto-responsive\">\r\n      \r\n      <div class=\"content-inner\">\r\n                  \r\n         <div class=\"sub-title\"><span class=\"tagline\">CUNOA\u0218TE-NE<\/span><\/div>  \r\n         \r\n                     <h2 class=\"title\">\r\n               <span>Experimenta\u021bi lumea cu compania noastr\u0103<\/span>\r\n            <\/h2>\r\n                  \r\n                     <div class=\"title-desc\">Exist\u0103 multe variante ale pasajelor din Lorem Ipsum disponibile, dar majoritatea au suferit modific\u0103ri \u00eentr-o anumit\u0103 form\u0103, prin injectarea de umor, <\/div>\r\n         \r\n               <\/div>\r\n\r\n   <\/div>\r\n\r\n<\/div>\t\t\t\t<\/div>\n\t\t\t\t<\/div>\n\t\t<div class=\"elementor-element elementor-element-af0873e e-con-full e-flex e-con e-child\" data-id=\"af0873e\" data-element_type=\"container\" data-e-type=\"container\">\n\t\t\t\t<div class=\"elementor-element elementor-element-5970ca9 elementor-widget elementor-widget-gva-icon-box-styles\" data-id=\"5970ca9\" data-element_type=\"widget\" data-e-type=\"widget\" data-widget_type=\"gva-icon-box-styles.default\">\n\t\t\t\t<div class=\"elementor-widget-container\">\n\t\t\t\t\t<div class=\"gva-element-gva-icon-box-styles gva-element\">\r\n         <div class=\"box-style-one__single\">\r\n         <div class=\"box-style-one__content\">\r\n            <div class=\"box-style-one__content-inner\">\r\n                                 <div class=\"box-style-one__icon-inner\">\r\n                     <span class=\"box-style-one__icon\">\r\n                        <i aria-hidden=\"true\" class=\"ticon-trip-2\"><\/i>                     <\/span>\r\n                  <\/div>\r\n                              <h3 class=\"box-style-one__title\">Ghid prietenos<\/h3>            <\/div>\r\n            <div class=\"box-style-one__desc\">Exist\u0103 multe variante ale pasajelor din lorem Ipsum.<\/div>         <\/div> \r\n               <\/div> \r\n      \r\n   \r\n   \r\n\r\n      <\/div>\t\t\t\t<\/div>\n\t\t\t\t<\/div>\n\t\t\t\t<div class=\"elementor-element elementor-element-c18ae86 elementor-widget elementor-widget-gva-icon-box-styles\" data-id=\"c18ae86\" data-element_type=\"widget\" data-e-type=\"widget\" data-widget_type=\"gva-icon-box-styles.default\">\n\t\t\t\t<div class=\"elementor-widget-container\">\n\t\t\t\t\t<div class=\"gva-element-gva-icon-box-styles gva-element\">\r\n         <div class=\"box-style-one__single\">\r\n         <div class=\"box-style-one__content\">\r\n            <div class=\"box-style-one__content-inner\">\r\n                                 <div class=\"box-style-one__icon-inner\">\r\n                     <span class=\"box-style-one__icon\">\r\n                        <i aria-hidden=\"true\" class=\"ticon-travel\"><\/i>                     <\/span>\r\n                  <\/div>\r\n                              <h3 class=\"box-style-one__title\">C\u0103l\u0103torii \u00een siguran\u021b\u0103<\/h3>            <\/div>\r\n            <div class=\"box-style-one__desc\">Exist\u0103 multe variante ale pasajelor din lorem Ipsum.<\/div>         <\/div> \r\n               <\/div> \r\n      \r\n   \r\n   \r\n\r\n      <\/div>\t\t\t\t<\/div>\n\t\t\t\t<\/div>\n\t\t\t\t<\/div>\n\t\t<div class=\"elementor-element elementor-element-5fc45f8 e-con-full e-flex e-con e-child\" data-id=\"5fc45f8\" data-element_type=\"container\" data-e-type=\"container\">\n\t\t<div class=\"elementor-element elementor-element-acc75c6 e-con-full e-flex e-con e-child\" data-id=\"acc75c6\" data-element_type=\"container\" data-e-type=\"container\">\n\t\t\t\t<div class=\"elementor-element elementor-element-ebfc543 elementor-widget elementor-widget-gva-icon-box-styles\" data-id=\"ebfc543\" data-element_type=\"widget\" data-e-type=\"widget\" data-widget_type=\"gva-icon-box-styles.default\">\n\t\t\t\t<div class=\"elementor-widget-container\">\n\t\t\t\t\t<div class=\"gva-element-gva-icon-box-styles gva-element\">\r\n   \r\n         <div class=\"box-style-two__single\">\r\n         <div class=\"box-style-two__wrap\">\r\n            <div class=\"box-style-two__icon-wrap\">\r\n               <span class=\"box-style-two__icon\"><i aria-hidden=\"true\" class=\"ticon-award\"><\/i><\/span>            <\/div>\r\n            <div class=\"box-style-two__content\">\r\n               <h3 class=\"box-style-two__title\">Agen\u021bie premiat\u0103<\/h3>            <\/div>\r\n         <\/div> \r\n               <\/div>  \r\n   \r\n\r\n      <\/div>\t\t\t\t<\/div>\n\t\t\t\t<\/div>\n\t\t\t\t<\/div>\n\t\t<div class=\"elementor-element elementor-element-ef15d75 e-con-full e-flex e-con e-child\" data-id=\"ef15d75\" data-element_type=\"container\" data-e-type=\"container\">\n\t\t\t\t<div class=\"elementor-element elementor-element-5b9462b elementor-icon-list--layout-traditional elementor-list-item-link-full_width elementor-widget elementor-widget-icon-list\" data-id=\"5b9462b\" data-element_type=\"widget\" data-e-type=\"widget\" data-widget_type=\"icon-list.default\">\n\t\t\t\t\t\t\t<ul class=\"elementor-icon-list-items\">\n\t\t\t\t\t\t\t<li class=\"elementor-icon-list-item\">\n\t\t\t\t\t\t\t\t\t\t\t<span class=\"elementor-icon-list-icon\">\n\t\t\t\t\t\t\t<i aria-hidden=\"true\" class=\"fas fa-check-circle\"><\/i>\t\t\t\t\t\t<\/span>\n\t\t\t\t\t\t\t\t\t\t<span class=\"elementor-icon-list-text\">Multe variante ale pasajelor din Lorem.<\/span>\n\t\t\t\t\t\t\t\t\t<\/li>\n\t\t\t\t\t\t\t\t<li class=\"elementor-icon-list-item\">\n\t\t\t\t\t\t\t\t\t\t\t<span class=\"elementor-icon-list-icon\">\n\t\t\t\t\t\t\t<i aria-hidden=\"true\" class=\"fas fa-check-circle\"><\/i>\t\t\t\t\t\t<\/span>\n\t\t\t\t\t\t\t\t\t\t<span class=\"elementor-icon-list-text\">Multe variante ale pasajelor din Lorem.<\/span>\n\t\t\t\t\t\t\t\t\t<\/li>\n\t\t\t\t\t\t\t\t<li class=\"elementor-icon-list-item\">\n\t\t\t\t\t\t\t\t\t\t\t<span class=\"elementor-icon-list-icon\">\n\t\t\t\t\t\t\t<i aria-hidden=\"true\" class=\"fas fa-check-circle\"><\/i>\t\t\t\t\t\t<\/span>\n\t\t\t\t\t\t\t\t\t\t<span class=\"elementor-icon-list-text\">Profesor expert \u00een multe variante.<\/span>\n\t\t\t\t\t\t\t\t\t<\/li>\n\t\t\t\t\t\t<\/ul>\n\t\t\t\t\t\t<\/div>\n\t\t\t\t<div class=\"elementor-element elementor-element-cc6892f elementor-widget elementor-widget-html\" data-id=\"cc6892f\" data-element_type=\"widget\" data-e-type=\"widget\" data-widget_type=\"html.default\">\n\t\t\t\t\t<a href=\"https:\/\/themegavias.com\/wp\/travivu\/about\/\" class=\"btn-theme\" target=\"_blank\" rel=\"noopener\">Exploreaz\u0103 mai mult\n    <\/a>\t\t\t\t<\/div>\n\t\t\t\t<\/div>\n\t\t\t\t<\/div>\n\t\t\t\t<\/div>\n\t\t\t\t<\/div>\n\t\t\t\t<\/div>","protected":false},"excerpt":{"rendered":"<p>Things to see and do when visiting New York Home 04 Nov 0 Comments by&nbsp;admin Top 8 Amazing Places to Stay in California Read More 04 Nov 0 Comments by&nbsp;admin [&hellip;]<\/p>","protected":false},"author":1,"featured_media":0,"parent":0,"menu_order":0,"comment_status":"closed","ping_status":"closed","template":"","meta":{"footnotes":""},"class_list":["post-24","page","type-page","status-publish","hentry"],"_links":{"self":[{"href":"https:\/\/egypt-snorkeling.com\/ro\/wp-json\/wp\/v2\/pages\/24","targetHints":{"allow":["GET"]}}],"collection":[{"href":"https:\/\/egypt-snorkeling.com\/ro\/wp-json\/wp\/v2\/pages"}],"about":[{"href":"https:\/\/egypt-snorkeling.com\/ro\/wp-json\/wp\/v2\/types\/page"}],"author":[{"embeddable":true,"href":"https:\/\/egypt-snorkeling.com\/ro\/wp-json\/wp\/v2\/users\/1"}],"replies":[{"embeddable":true,"href":"https:\/\/egypt-snorkeling.com\/ro\/wp-json\/wp\/v2\/comments?post=24"}],"version-history":[{"count":0,"href":"https:\/\/egypt-snorkeling.com\/ro\/wp-json\/wp\/v2\/pages\/24\/revisions"}],"wp:attachment":[{"href":"https:\/\/egypt-snorkeling.com\/ro\/wp-json\/wp\/v2\/media?parent=24"}],"curies":[{"name":"wp","href":"https:\/\/api.w.org\/{rel}","templated":true}]}}