{"id":22,"date":"2024-11-04T04:28:58","date_gmt":"2024-11-04T04:28:58","guid":{"rendered":"https:\/\/themegavias.com\/wp\/travivu\/?page_id=22"},"modified":"2024-11-04T04:28:58","modified_gmt":"2024-11-04T04:28:58","slug":"members","status":"publish","type":"page","link":"https:\/\/egypt-snorkeling.com\/ro\/members\/","title":{"rendered":"Membri"},"content":{"rendered":"<div data-elementor-type=\"wp-page\" data-elementor-id=\"22\" class=\"elementor elementor-22\">\n\t\t\t\t<div class=\"elementor-element elementor-element-2adac2c e-con-full e-flex e-con e-parent\" data-id=\"2adac2c\" data-element_type=\"container\" data-e-type=\"container\" data-settings=\"{&quot;background_background&quot;:&quot;slideshow&quot;,&quot;background_slideshow_gallery&quot;:[{&quot;id&quot;:124,&quot;url&quot;:&quot;https:\\\/\\\/themegavias.com\\\/wp\\\/travivu\\\/wp-content\\\/uploads\\\/2024\\\/11\\\/breadcrumb.jpg&quot;},{&quot;id&quot;:127,&quot;url&quot;:&quot;https:\\\/\\\/themegavias.com\\\/wp\\\/travivu\\\/wp-content\\\/uploads\\\/2024\\\/11\\\/breadcrumb-01.jpg&quot;}],&quot;background_slideshow_ken_burns&quot;:&quot;yes&quot;,&quot;background_slideshow_loop&quot;:&quot;yes&quot;,&quot;background_slideshow_slide_duration&quot;:5000,&quot;background_slideshow_slide_transition&quot;:&quot;fade&quot;,&quot;background_slideshow_transition_duration&quot;:500,&quot;background_slideshow_ken_burns_zoom_direction&quot;:&quot;in&quot;}\">\n\t\t<div class=\"elementor-element elementor-element-98430f0 e-con-full e-flex e-con e-child\" data-id=\"98430f0\" data-element_type=\"container\" data-e-type=\"container\">\n\t\t\t\t<div class=\"elementor-element elementor-element-7890bd9 elementor-widget elementor-widget-gva-heading-block\" data-id=\"7890bd9\" data-element_type=\"widget\" data-e-type=\"widget\" data-widget_type=\"gva-heading-block.default\">\n\t\t\t\t<div class=\"elementor-widget-container\">\n\t\t\t\t\t<div class=\"gva-element-gva-heading-block gva-element\">\r\n   <div class=\"align-center style-1 widget gsc-heading box-align-left auto-responsive\">\r\n      \r\n      <div class=\"content-inner\">\r\n                  \r\n           \r\n         \r\n                     <h2 class=\"title\">\r\n               <span>Membrii no\u0219tri<\/span>\r\n            <\/h2>\r\n                  \r\n                     <div class=\"title-desc\">Cel mai bun expert pentru tine<\/div>\r\n         \r\n               <\/div>\r\n\r\n   <\/div>\r\n\r\n<\/div>\t\t\t\t<\/div>\n\t\t\t\t<\/div>\n\t\t\t\t<\/div>\n\t\t\t\t<\/div>\n\t\t<div class=\"elementor-element elementor-element-66f37ee e-con-full contain-right e-flex e-con e-parent\" data-id=\"66f37ee\" data-element_type=\"container\" data-e-type=\"container\">\n\t\t<div class=\"elementor-element elementor-element-dae420c e-con-full e-flex e-con e-child\" data-id=\"dae420c\" data-element_type=\"container\" data-e-type=\"container\">\n\t\t\t\t<div class=\"elementor-element elementor-element-12d0655 elementor-widget elementor-widget-gva-image-content\" data-id=\"12d0655\" data-element_type=\"widget\" data-e-type=\"widget\" data-widget_type=\"gva-image-content.default\">\n\t\t\t\t<div class=\"elementor-widget-container\">\n\t\t\t\t\t<div class=\"gva-element-gva-image-content gva-element\">\t\t\r\n  \r\n\t \r\n\r\n\t<div class=\"about-two__single\">\r\n\t  \t<div class=\"about-two__image\"><div class=\"content-inner\">\t\t  <a href=\"#\">\r\n\t\t\t <img decoding=\"async\" src=\"https:\/\/themegavias.com\/wp\/travivu\/wp-content\/uploads\/2024\/11\/image-01.jpg\" alt=\"\" \/>\t\t  <\/a>\r\n\t\t  <\/div><\/div><div class=\"about-two__logo\"><img decoding=\"async\" src=\"https:\/\/themegavias.com\/wp\/travivu\/wp-content\/uploads\/2024\/12\/logo-1.png\" alt=\"\" \/><\/div><div class=\"about-two__image-second\"><div class=\"content-inner\">\t\t  <a href=\"#\">\r\n\t\t\t <img decoding=\"async\" src=\"https:\/\/themegavias.com\/wp\/travivu\/wp-content\/uploads\/2024\/11\/image-02.jpg\" alt=\"\" \/>\t\t  <\/a>\r\n\t\t  <\/div><\/div><div class=\"about-two__image-third\"><div class=\"content-inner\">\t\t  <a href=\"#\">\r\n\t\t\t <img decoding=\"async\" src=\"https:\/\/themegavias.com\/wp\/travivu\/wp-content\/uploads\/2024\/12\/image-03.png\" alt=\"\" \/>\t\t  <\/a>\r\n\t\t  <\/div><\/div>\t<\/div>\r\n \r\n\r\n\r\n \r\n  \r\n \r\n\r\n  \r\n \r\n\r\n \r\n\r\n\r\n\t<\/div>\t\t\t\t<\/div>\n\t\t\t\t<\/div>\n\t\t\t\t<\/div>\n\t\t<div class=\"elementor-element elementor-element-2cc56dc e-con-full e-flex e-con e-child\" data-id=\"2cc56dc\" data-element_type=\"container\" data-e-type=\"container\">\n\t\t\t\t<div class=\"elementor-element elementor-element-100df65 elementor-widget elementor-widget-gva-heading-block\" data-id=\"100df65\" data-element_type=\"widget\" data-e-type=\"widget\" data-widget_type=\"gva-heading-block.default\">\n\t\t\t\t<div class=\"elementor-widget-container\">\n\t\t\t\t\t<div class=\"gva-element-gva-heading-block gva-element\">\r\n   <div class=\"align-left style-1 widget gsc-heading box-align-left auto-responsive\">\r\n      \r\n      <div class=\"content-inner\">\r\n                  \r\n         <div class=\"sub-title\"><span class=\"tagline\">CUNOA\u0218TE-NE<\/span><\/div>  \r\n         \r\n                     <h2 class=\"title\">\r\n               <span>Experimenta\u021bi lumea cu compania noastr\u0103<\/span>\r\n            <\/h2>\r\n                  \r\n                     <div class=\"title-desc\">Exist\u0103 multe variante ale pasajelor din Lorem Ipsum disponibile, dar majoritatea au suferit modific\u0103ri \u00eentr-o anumit\u0103 form\u0103, prin injectarea de umor, <\/div>\r\n         \r\n               <\/div>\r\n\r\n   <\/div>\r\n\r\n<\/div>\t\t\t\t<\/div>\n\t\t\t\t<\/div>\n\t\t<div class=\"elementor-element elementor-element-d7b56bd e-con-full e-flex e-con e-child\" data-id=\"d7b56bd\" data-element_type=\"container\" data-e-type=\"container\">\n\t\t\t\t<div class=\"elementor-element elementor-element-d532c42 elementor-widget elementor-widget-gva-icon-box-styles\" data-id=\"d532c42\" data-element_type=\"widget\" data-e-type=\"widget\" data-widget_type=\"gva-icon-box-styles.default\">\n\t\t\t\t<div class=\"elementor-widget-container\">\n\t\t\t\t\t<div class=\"gva-element-gva-icon-box-styles gva-element\">\r\n         <div class=\"box-style-one__single\">\r\n         <div class=\"box-style-one__content\">\r\n            <div class=\"box-style-one__content-inner\">\r\n                                 <div class=\"box-style-one__icon-inner\">\r\n                     <span class=\"box-style-one__icon\">\r\n                        <i aria-hidden=\"true\" class=\"ticon-trip-2\"><\/i>                     <\/span>\r\n                  <\/div>\r\n                              <h3 class=\"box-style-one__title\">Ghid prietenos<\/h3>            <\/div>\r\n            <div class=\"box-style-one__desc\">Exist\u0103 multe variante ale pasajelor din lorem Ipsum.<\/div>         <\/div> \r\n               <\/div> \r\n      \r\n   \r\n   \r\n\r\n      <\/div>\t\t\t\t<\/div>\n\t\t\t\t<\/div>\n\t\t\t\t<div class=\"elementor-element elementor-element-9e75033 elementor-widget elementor-widget-gva-icon-box-styles\" data-id=\"9e75033\" data-element_type=\"widget\" data-e-type=\"widget\" data-widget_type=\"gva-icon-box-styles.default\">\n\t\t\t\t<div class=\"elementor-widget-container\">\n\t\t\t\t\t<div class=\"gva-element-gva-icon-box-styles gva-element\">\r\n         <div class=\"box-style-one__single\">\r\n         <div class=\"box-style-one__content\">\r\n            <div class=\"box-style-one__content-inner\">\r\n                                 <div class=\"box-style-one__icon-inner\">\r\n                     <span class=\"box-style-one__icon\">\r\n                        <i aria-hidden=\"true\" class=\"ticon-travel\"><\/i>                     <\/span>\r\n                  <\/div>\r\n                              <h3 class=\"box-style-one__title\">C\u0103l\u0103torii \u00een siguran\u021b\u0103<\/h3>            <\/div>\r\n            <div class=\"box-style-one__desc\">Exist\u0103 multe variante ale pasajelor din lorem Ipsum.<\/div>         <\/div> \r\n               <\/div> \r\n      \r\n   \r\n   \r\n\r\n      <\/div>\t\t\t\t<\/div>\n\t\t\t\t<\/div>\n\t\t\t\t<\/div>\n\t\t<div class=\"elementor-element elementor-element-da5df32 e-con-full e-flex e-con e-child\" data-id=\"da5df32\" data-element_type=\"container\" data-e-type=\"container\">\n\t\t<div class=\"elementor-element elementor-element-4c631e1 e-con-full e-flex e-con e-child\" data-id=\"4c631e1\" data-element_type=\"container\" data-e-type=\"container\">\n\t\t\t\t<div class=\"elementor-element elementor-element-7cc757d elementor-widget elementor-widget-gva-icon-box-styles\" data-id=\"7cc757d\" data-element_type=\"widget\" data-e-type=\"widget\" data-widget_type=\"gva-icon-box-styles.default\">\n\t\t\t\t<div class=\"elementor-widget-container\">\n\t\t\t\t\t<div class=\"gva-element-gva-icon-box-styles gva-element\">\r\n   \r\n         <div class=\"box-style-two__single\">\r\n         <div class=\"box-style-two__wrap\">\r\n            <div class=\"box-style-two__icon-wrap\">\r\n               <span class=\"box-style-two__icon\"><i aria-hidden=\"true\" class=\"ticon-award\"><\/i><\/span>            <\/div>\r\n            <div class=\"box-style-two__content\">\r\n               <h3 class=\"box-style-two__title\">Agen\u021bie premiat\u0103<\/h3>            <\/div>\r\n         <\/div> \r\n               <\/div>  \r\n   \r\n\r\n      <\/div>\t\t\t\t<\/div>\n\t\t\t\t<\/div>\n\t\t\t\t<\/div>\n\t\t<div class=\"elementor-element elementor-element-673924a e-con-full e-flex e-con e-child\" data-id=\"673924a\" data-element_type=\"container\" data-e-type=\"container\">\n\t\t\t\t<div class=\"elementor-element elementor-element-fe3e39c elementor-icon-list--layout-traditional elementor-list-item-link-full_width elementor-widget elementor-widget-icon-list\" data-id=\"fe3e39c\" data-element_type=\"widget\" data-e-type=\"widget\" data-widget_type=\"icon-list.default\">\n\t\t\t\t\t\t\t<ul class=\"elementor-icon-list-items\">\n\t\t\t\t\t\t\t<li class=\"elementor-icon-list-item\">\n\t\t\t\t\t\t\t\t\t\t\t<span class=\"elementor-icon-list-icon\">\n\t\t\t\t\t\t\t<i aria-hidden=\"true\" class=\"fas fa-check-circle\"><\/i>\t\t\t\t\t\t<\/span>\n\t\t\t\t\t\t\t\t\t\t<span class=\"elementor-icon-list-text\">Multe variante ale pasajelor din Lorem.<\/span>\n\t\t\t\t\t\t\t\t\t<\/li>\n\t\t\t\t\t\t\t\t<li class=\"elementor-icon-list-item\">\n\t\t\t\t\t\t\t\t\t\t\t<span class=\"elementor-icon-list-icon\">\n\t\t\t\t\t\t\t<i aria-hidden=\"true\" class=\"fas fa-check-circle\"><\/i>\t\t\t\t\t\t<\/span>\n\t\t\t\t\t\t\t\t\t\t<span class=\"elementor-icon-list-text\">Multe variante ale pasajelor din Lorem.<\/span>\n\t\t\t\t\t\t\t\t\t<\/li>\n\t\t\t\t\t\t\t\t<li class=\"elementor-icon-list-item\">\n\t\t\t\t\t\t\t\t\t\t\t<span class=\"elementor-icon-list-icon\">\n\t\t\t\t\t\t\t<i aria-hidden=\"true\" class=\"fas fa-check-circle\"><\/i>\t\t\t\t\t\t<\/span>\n\t\t\t\t\t\t\t\t\t\t<span class=\"elementor-icon-list-text\">Profesor expert \u00een multe variante.<\/span>\n\t\t\t\t\t\t\t\t\t<\/li>\n\t\t\t\t\t\t<\/ul>\n\t\t\t\t\t\t<\/div>\n\t\t\t\t<div class=\"elementor-element elementor-element-c22e92b elementor-widget elementor-widget-html\" data-id=\"c22e92b\" data-element_type=\"widget\" data-e-type=\"widget\" data-widget_type=\"html.default\">\n\t\t\t\t\t<a href=\"https:\/\/themegavias.com\/wp\/travivu\/about\/\" class=\"btn-theme\" target=\"_blank\" rel=\"noopener\">Exploreaz\u0103 mai mult\n    <\/a>\t\t\t\t<\/div>\n\t\t\t\t<\/div>\n\t\t\t\t<\/div>\n\t\t\t\t<\/div>\n\t\t\t\t<\/div>\n\t\t<div class=\"elementor-element elementor-element-625a8b6 e-flex e-con-boxed e-con e-parent\" data-id=\"625a8b6\" data-element_type=\"container\" data-e-type=\"container\">\n\t\t\t\t\t<div class=\"e-con-inner\">\n\t\t<div class=\"elementor-element elementor-element-812de7f e-con-full e-flex e-con e-child\" data-id=\"812de7f\" data-element_type=\"container\" data-e-type=\"container\">\n\t\t\t\t<div class=\"elementor-element elementor-element-f257f7c elementor-widget elementor-widget-gva-heading-block\" data-id=\"f257f7c\" data-element_type=\"widget\" data-e-type=\"widget\" data-widget_type=\"gva-heading-block.default\">\n\t\t\t\t<div class=\"elementor-widget-container\">\n\t\t\t\t\t<div class=\"gva-element-gva-heading-block gva-element\">\r\n   <div class=\"align-center style-1 widget gsc-heading box-align-center auto-responsive\">\r\n      \r\n      <div class=\"content-inner\">\r\n                  \r\n         <div class=\"sub-title\"><span class=\"tagline\">CUNOA\u0218TE-NE<\/span><\/div>  \r\n         \r\n                     <h2 class=\"title\">\r\n               <span>Experimenta\u021bi lumea cu compania noastr\u0103<\/span>\r\n            <\/h2>\r\n                  \r\n         \r\n               <\/div>\r\n\r\n   <\/div>\r\n\r\n<\/div>\t\t\t\t<\/div>\n\t\t\t\t<\/div>\n\t\t\t\t<div class=\"elementor-element elementor-element-7e08eda elementor-widget elementor-widget-gva-team\" data-id=\"7e08eda\" data-element_type=\"widget\" data-e-type=\"widget\" data-widget_type=\"gva-team.default\">\n\t\t\t\t<div class=\"elementor-widget-container\">\n\t\t\t\t\t<div class=\"gva-element-gva-team gva-element\">\r\n<div class=\"gsc-team layout-grid\">\r\n   <div class=\"lg-block-grid-3 md-block-grid-3 sm-block-grid-2 xs-block-grid-1 xx-block-grid-1\">\r\n               <div class=\"item-columns\">\r\n            \r\n   <div class=\"team-one__single\">\r\n   \t   \t\t<div class=\"team-one__image\">\r\n            <img decoding=\"async\" src=\"https:\/\/egypt-snorkeling.com\/wp-content\/uploads\/2024\/11\/team-1.jpg\" alt=\"\" \/>  \r\n   \t\t<\/div>\r\n   \t\t\r\n      <div class=\"team-one__content\">\r\n         <div class=\"team-one__socials\">\r\n            <div class=\"team-one__social-links\">\r\n               \t\t  <a href=\"#\">\r\n\t\t\t <i class=\"fa fa-facebook\"><\/i>\t\t  <\/a>\r\n\t\t  \t\t  <a href=\"#\">\r\n\t\t\t <i class=\"fa fa-twitter\"><\/i>\t\t  <\/a>\r\n\t\t  \t\t  <a href=\"#\">\r\n\t\t\t <i class=\"fa fa-instagram\"><\/i>\t\t  <\/a>\r\n\t\t  \t\t  <a href=\"#\">\r\n\t\t\t <i class=\"fa fa-pinterest\"><\/i>\t\t  <\/a>\r\n\t\t              <\/div> \r\n         <\/div>\r\n         <div class=\"team-one__content-inner\">\r\n            <div class=\"inner\">\r\n         \t\t         \t\t\t<h3 class=\"team-one__name\">\r\n                     Savannah Nguyen   \r\n                  <\/h3>\r\n         \t\t         \t\t         \t\t\t<div class=\"team-one__job\">Nivelul bancar \u0219i financiar<\/div>\r\n         \t\t                           <\/div>\r\n      \t<\/div>\r\n      <\/div>\r\n   <\/div>\t\t\r\n         <\/div>\r\n               <div class=\"item-columns\">\r\n            \r\n   <div class=\"team-one__single\">\r\n   \t   \t\t<div class=\"team-one__image\">\r\n            <img decoding=\"async\" src=\"https:\/\/egypt-snorkeling.com\/wp-content\/uploads\/2024\/11\/team-2.jpg\" alt=\"\" \/>  \r\n   \t\t<\/div>\r\n   \t\t\r\n      <div class=\"team-one__content\">\r\n         <div class=\"team-one__socials\">\r\n            <div class=\"team-one__social-links\">\r\n               \t\t  <a href=\"#\">\r\n\t\t\t <i class=\"fa fa-facebook\"><\/i>\t\t  <\/a>\r\n\t\t  \t\t  <a href=\"#\">\r\n\t\t\t <i class=\"fa fa-twitter\"><\/i>\t\t  <\/a>\r\n\t\t  \t\t  <a href=\"#\">\r\n\t\t\t <i class=\"fa fa-instagram\"><\/i>\t\t  <\/a>\r\n\t\t  \t\t  <a href=\"#\">\r\n\t\t\t <i class=\"fa fa-pinterest\"><\/i>\t\t  <\/a>\r\n\t\t              <\/div> \r\n         <\/div>\r\n         <div class=\"team-one__content-inner\">\r\n            <div class=\"inner\">\r\n         \t\t         \t\t\t<h3 class=\"team-one__name\">\r\n                     Annette Black   \r\n                  <\/h3>\r\n         \t\t         \t\t         \t\t\t<div class=\"team-one__job\">Nivelul bancar \u0219i financiar<\/div>\r\n         \t\t                           <\/div>\r\n      \t<\/div>\r\n      <\/div>\r\n   <\/div>\t\t\r\n         <\/div>\r\n               <div class=\"item-columns\">\r\n            \r\n   <div class=\"team-one__single\">\r\n   \t   \t\t<div class=\"team-one__image\">\r\n            <img decoding=\"async\" src=\"https:\/\/egypt-snorkeling.com\/wp-content\/uploads\/2024\/11\/team-3.jpg\" alt=\"\" \/>  \r\n   \t\t<\/div>\r\n   \t\t\r\n      <div class=\"team-one__content\">\r\n         <div class=\"team-one__socials\">\r\n            <div class=\"team-one__social-links\">\r\n               \t\t  <a href=\"#\">\r\n\t\t\t <i class=\"fa fa-facebook\"><\/i>\t\t  <\/a>\r\n\t\t  \t\t  <a href=\"#\">\r\n\t\t\t <i class=\"fa fa-twitter\"><\/i>\t\t  <\/a>\r\n\t\t  \t\t  <a href=\"#\">\r\n\t\t\t <i class=\"fa fa-instagram\"><\/i>\t\t  <\/a>\r\n\t\t  \t\t  <a href=\"#\">\r\n\t\t\t <i class=\"fa fa-pinterest\"><\/i>\t\t  <\/a>\r\n\t\t              <\/div> \r\n         <\/div>\r\n         <div class=\"team-one__content-inner\">\r\n            <div class=\"inner\">\r\n         \t\t         \t\t\t<h3 class=\"team-one__name\">\r\n                     Kathryn Murphy   \r\n                  <\/h3>\r\n         \t\t         \t\t         \t\t\t<div class=\"team-one__job\">Nivelul bancar \u0219i financiar<\/div>\r\n         \t\t                           <\/div>\r\n      \t<\/div>\r\n      <\/div>\r\n   <\/div>\t\t\r\n         <\/div>\r\n               <div class=\"item-columns\">\r\n            \r\n   <div class=\"team-one__single\">\r\n   \t   \t\t<div class=\"team-one__image\">\r\n            <img decoding=\"async\" src=\"https:\/\/egypt-snorkeling.com\/wp-content\/uploads\/2024\/11\/team-4.jpg\" alt=\"\" \/>  \r\n   \t\t<\/div>\r\n   \t\t\r\n      <div class=\"team-one__content\">\r\n         <div class=\"team-one__socials\">\r\n            <div class=\"team-one__social-links\">\r\n               \t\t  <a href=\"#\">\r\n\t\t\t <i class=\"fa fa-facebook\"><\/i>\t\t  <\/a>\r\n\t\t  \t\t  <a href=\"#\">\r\n\t\t\t <i class=\"fa fa-twitter\"><\/i>\t\t  <\/a>\r\n\t\t  \t\t  <a href=\"#\">\r\n\t\t\t <i class=\"fa fa-instagram\"><\/i>\t\t  <\/a>\r\n\t\t  \t\t  <a href=\"#\">\r\n\t\t\t <i class=\"fa fa-pinterest\"><\/i>\t\t  <\/a>\r\n\t\t              <\/div> \r\n         <\/div>\r\n         <div class=\"team-one__content-inner\">\r\n            <div class=\"inner\">\r\n         \t\t         \t\t\t<h3 class=\"team-one__name\">\r\n                     David Hardson   \r\n                  <\/h3>\r\n         \t\t         \t\t         \t\t\t<div class=\"team-one__job\">Nivelul bancar \u0219i financiar<\/div>\r\n         \t\t                           <\/div>\r\n      \t<\/div>\r\n      <\/div>\r\n   <\/div>\t\t\r\n         <\/div>\r\n               <div class=\"item-columns\">\r\n            \r\n   <div class=\"team-one__single\">\r\n   \t   \t\t<div class=\"team-one__image\">\r\n            <img decoding=\"async\" src=\"https:\/\/egypt-snorkeling.com\/wp-content\/uploads\/2025\/03\/team-5.jpg\" alt=\"\" \/>  \r\n   \t\t<\/div>\r\n   \t\t\r\n      <div class=\"team-one__content\">\r\n         <div class=\"team-one__socials\">\r\n            <div class=\"team-one__social-links\">\r\n               \t\t  <a href=\"#\">\r\n\t\t\t <i class=\"fa fa-facebook\"><\/i>\t\t  <\/a>\r\n\t\t  \t\t  <a href=\"#\">\r\n\t\t\t <i class=\"fa fa-twitter\"><\/i>\t\t  <\/a>\r\n\t\t  \t\t  <a href=\"#\">\r\n\t\t\t <i class=\"fa fa-instagram\"><\/i>\t\t  <\/a>\r\n\t\t  \t\t  <a href=\"#\">\r\n\t\t\t <i class=\"fa fa-pinterest\"><\/i>\t\t  <\/a>\r\n\t\t              <\/div> \r\n         <\/div>\r\n         <div class=\"team-one__content-inner\">\r\n            <div class=\"inner\">\r\n         \t\t         \t\t\t<h3 class=\"team-one__name\">\r\n                     Fred Andrew   \r\n                  <\/h3>\r\n         \t\t         \t\t         \t\t\t<div class=\"team-one__job\">Nivelul bancar \u0219i financiar<\/div>\r\n         \t\t                           <\/div>\r\n      \t<\/div>\r\n      <\/div>\r\n   <\/div>\t\t\r\n         <\/div>\r\n               <div class=\"item-columns\">\r\n            \r\n   <div class=\"team-one__single\">\r\n   \t   \t\t<div class=\"team-one__image\">\r\n            <img decoding=\"async\" src=\"https:\/\/egypt-snorkeling.com\/wp-content\/uploads\/2025\/03\/team-6.jpg\" alt=\"\" \/>  \r\n   \t\t<\/div>\r\n   \t\t\r\n      <div class=\"team-one__content\">\r\n         <div class=\"team-one__socials\">\r\n            <div class=\"team-one__social-links\">\r\n               \t\t  <a href=\"#\">\r\n\t\t\t <i class=\"fa fa-facebook\"><\/i>\t\t  <\/a>\r\n\t\t  \t\t  <a href=\"#\">\r\n\t\t\t <i class=\"fa fa-twitter\"><\/i>\t\t  <\/a>\r\n\t\t  \t\t  <a href=\"#\">\r\n\t\t\t <i class=\"fa fa-instagram\"><\/i>\t\t  <\/a>\r\n\t\t  \t\t  <a href=\"#\">\r\n\t\t\t <i class=\"fa fa-pinterest\"><\/i>\t\t  <\/a>\r\n\t\t              <\/div> \r\n         <\/div>\r\n         <div class=\"team-one__content-inner\">\r\n            <div class=\"inner\">\r\n         \t\t         \t\t\t<h3 class=\"team-one__name\">\r\n                     Sarah Rose   \r\n                  <\/h3>\r\n         \t\t         \t\t         \t\t\t<div class=\"team-one__job\">Nivelul bancar \u0219i financiar<\/div>\r\n         \t\t                           <\/div>\r\n      \t<\/div>\r\n      <\/div>\r\n   <\/div>\t\t\r\n         <\/div>\r\n         <\/div>   \r\n<\/div>\r\n<\/div>\t\t\t\t<\/div>\n\t\t\t\t<\/div>\n\t\t\t\t<\/div>\n\t\t\t\t\t<\/div>\n\t\t\t\t<\/div>\n\t\t<div class=\"elementor-element elementor-element-cbe6daa e-con-full e-flex e-con e-parent\" data-id=\"cbe6daa\" data-element_type=\"container\" data-e-type=\"container\" data-settings=\"{&quot;background_background&quot;:&quot;classic&quot;}\">\n\t\t<div class=\"elementor-element elementor-element-41f5937 e-con-full e-flex e-con e-child\" data-id=\"41f5937\" data-element_type=\"container\" data-e-type=\"container\" data-settings=\"{&quot;background_background&quot;:&quot;classic&quot;}\">\n\t\t\t\t<div class=\"elementor-element elementor-element-6ab0d5c elementor-widget elementor-widget-spacer\" data-id=\"6ab0d5c\" data-element_type=\"widget\" data-e-type=\"widget\" data-widget_type=\"spacer.default\">\n\t\t\t\t\t\t\t<div class=\"elementor-spacer\">\n\t\t\t<div class=\"elementor-spacer-inner\"><\/div>\n\t\t<\/div>\n\t\t\t\t\t\t<\/div>\n\t\t\t\t<\/div>\n\t\t<div class=\"elementor-element elementor-element-ecf5078 e-con-full e-flex e-con e-child\" data-id=\"ecf5078\" data-element_type=\"container\" data-e-type=\"container\">\n\t\t\t\t<div class=\"elementor-element elementor-element-68cae9d elementor-widget elementor-widget-gva-heading-block\" data-id=\"68cae9d\" data-element_type=\"widget\" data-e-type=\"widget\" data-widget_type=\"gva-heading-block.default\">\n\t\t\t\t<div class=\"elementor-widget-container\">\n\t\t\t\t\t<div class=\"gva-element-gva-heading-block gva-element\">\r\n   <div class=\"align-center style-2 widget gsc-heading box-align-left auto-responsive\">\r\n      \r\n      <div class=\"content-inner\">\r\n                  \r\n         <div class=\"sub-title\"><span class=\"tagline\">40% Oprit<\/span><\/div>  \r\n         \r\n                     <h2 class=\"title\">\r\n               <span>Turneul Prieteniei Singapore 4<\/span>\r\n            <\/h2>\r\n                  \r\n         \r\n                     <div class=\"heading-action\">\r\n               \t\t  <a href=\"https:\/\/themegavias.com\/wp\/travivu\/tours-page\/\" class=\"btn-cta btn-theme\" target=\"_blank\" rel=\"noopener\">\r\n\t\t\t <span>Descoper\u0103 mai multe<\/span>\r\n\t\t  <\/a>\r\n\r\n\t\t              <\/div>\r\n               <\/div>\r\n\r\n   <\/div>\r\n\r\n<\/div>\t\t\t\t<\/div>\n\t\t\t\t<\/div>\n\t\t\t\t<\/div>\n\t\t<div class=\"elementor-element elementor-element-c6ac488 e-con-full e-flex e-con e-child\" data-id=\"c6ac488\" data-element_type=\"container\" data-e-type=\"container\" data-settings=\"{&quot;background_background&quot;:&quot;classic&quot;}\">\n\t\t\t\t<div class=\"elementor-element elementor-element-7a5875a elementor-widget elementor-widget-spacer\" data-id=\"7a5875a\" data-element_type=\"widget\" data-e-type=\"widget\" data-widget_type=\"spacer.default\">\n\t\t\t\t\t\t\t<div class=\"elementor-spacer\">\n\t\t\t<div class=\"elementor-spacer-inner\"><\/div>\n\t\t<\/div>\n\t\t\t\t\t\t<\/div>\n\t\t\t\t<\/div>\n\t\t\t\t<\/div>\n\t\t\t\t<\/div>","protected":false},"excerpt":{"rendered":"<p>Our Members The Best Expert for You GET TO KNOW US Experience the World with Our Company There are many variations of passages of Lorem Ipsum avalab but the majority [&hellip;]<\/p>","protected":false},"author":1,"featured_media":0,"parent":0,"menu_order":0,"comment_status":"closed","ping_status":"closed","template":"elementor_header_footer","meta":{"footnotes":""},"class_list":["post-22","page","type-page","status-publish","hentry"],"_links":{"self":[{"href":"https:\/\/egypt-snorkeling.com\/ro\/wp-json\/wp\/v2\/pages\/22","targetHints":{"allow":["GET"]}}],"collection":[{"href":"https:\/\/egypt-snorkeling.com\/ro\/wp-json\/wp\/v2\/pages"}],"about":[{"href":"https:\/\/egypt-snorkeling.com\/ro\/wp-json\/wp\/v2\/types\/page"}],"author":[{"embeddable":true,"href":"https:\/\/egypt-snorkeling.com\/ro\/wp-json\/wp\/v2\/users\/1"}],"replies":[{"embeddable":true,"href":"https:\/\/egypt-snorkeling.com\/ro\/wp-json\/wp\/v2\/comments?post=22"}],"version-history":[{"count":0,"href":"https:\/\/egypt-snorkeling.com\/ro\/wp-json\/wp\/v2\/pages\/22\/revisions"}],"wp:attachment":[{"href":"https:\/\/egypt-snorkeling.com\/ro\/wp-json\/wp\/v2\/media?parent=22"}],"curies":[{"name":"wp","href":"https:\/\/api.w.org\/{rel}","templated":true}]}}