{"id":830,"date":"2015-09-30T09:39:29","date_gmt":"2015-09-30T09:39:29","guid":{"rendered":"http:\/\/adventure-tours.themedelight.com\/?page_id=830"},"modified":"2015-09-30T09:39:29","modified_gmt":"2015-09-30T09:39:29","slug":"shortcode-other","status":"publish","type":"page","link":"https:\/\/egypt-snorkeling.com\/hu\/shortcode-other\/","title":{"rendered":"Egy\u00e9b r\u00f6vidk\u00f3d"},"content":{"rendered":"<p>[vc_row el_class=&#8221;margin-bottom&#8221;][vc_column offset=&#8221;vc_col-md-7&#8243;][latest_posts title=&#8221;Latest Posts&#8221; title_underline=&#8221;on&#8221; number=&#8221;1&#8243; read_more_text=&#8221;Read more&#8221; words_limit=&#8221;25&#8243; ignore_sticky_posts=&#8221;on&#8221; order=&#8221;DESC&#8221; orderby=&#8221;date&#8221; translate=&#8221;on&#8221;][\/vc_column][vc_column offset=&#8221;vc_col-md-5&#8243;][vc_empty_space height=&#8221;40px&#8221; el_class=&#8221;visible-sm visible-xs&#8221;][title size=&#8221;small&#8221; position=&#8221;center&#8221; decoration=&#8221;on&#8221; underline=&#8221;on&#8221; style=&#8221;dark&#8221; text=&#8221;timeline&#8221;][timeline][timeline_item item_number=&#8221;1&#8243; title=&#8221;Day 1&#8243;]Lorem ipsum 1[\/timeline_item][timeline_item item_number=&#8221;2&#8243; title=&#8221;Day 2&#8243;]Lorem ipsum 2[\/timeline_item] [timeline_item item_number=&#8221;3&#8243; title=&#8221;Day 3&#8243;]Lorem ipsum 3[\/timeline_item] [timeline_item item_number=&#8221;4&#8243; title=&#8221;Day 4&#8243;]Lorem ipsum 4[\/timeline_item][\/timeline][\/vc_column][\/vc_row][vc_row][vc_column][title size=&#8221;big&#8221; position=&#8221;center&#8221; decoration=&#8221;on&#8221; underline=&#8221;on&#8221; style=&#8221;dark&#8221; text=&#8221;Icon set&#8221; subtitle=&#8221;Shortcode&#8221;][icons_set row_size=&#8221;3&#8243; css_class=&#8221;margin-bottom-large&#8221;][icon_item icon=&#8221;td-earth-1&#8243; title=&#8221;Diverse destinations&#8221;]Habitasse. Nunc mollis erat dapibus in commodo eu nisi. Odio purus magnis lorem.[\/icon_item] [icon_item icon=&#8221;td-banknote-1&#8243; title=&#8221;Best prices&#8221;]Nulla imperdiet dictum laoreet netus. Habitant ullamcorper. Auctor auctor cras.[\/icon_item] [icon_item icon=&#8221;td-photocamera-5&#8243; title=&#8221;Beautiful places&#8221;]Eu molestie Purus ac. Facilisis hac in metus nunc parturient ornare consequat enim.[\/icon_item] [icon_item icon=&#8221;td-calendar-2&#8243; title=&#8221;Fast booking&#8221;]Torquent egestas. Per integer placerat ipsum quam adipiscing vehicula nisi.[\/icon_item] [icon_item icon=&#8221;td-chat&#8221; title=&#8221;Instant help&#8221;]Turpis accumsan. Proin id ligula suspendisse. Aliquet fringilla, aptent eu dignissim.[\/icon_item] [icon_item icon=&#8221;td-heart&#8221; title=&#8221;Emotional travel&#8221;]Metus cubilia aenean. Fusce, dapibus netus nullam interdum ut vehicula.[\/icon_item][\/icons_set][\/vc_column][\/vc_row][vc_row][vc_column offset=&#8221;vc_col-md-6&#8243;][title size=&#8221;small&#8221; position=&#8221;center&#8221; decoration=&#8221;on&#8221; underline=&#8221;on&#8221; style=&#8221;dark&#8221; text=&#8221;Accordion&#8221;][accordion style=&#8221;with-border&#8221;][accordion_item title=&#8221;Title 1&#8243; is_active=&#8221;on&#8221;]Lorem ipsum 1[\/accordion_item] [accordion_item title=&#8221;Title 2&#8243;]Lorem ipsum 2[\/accordion_item] [accordion_item title=&#8221;Title 3&#8243;]Lorem ipsum 3[\/accordion_item][\/accordion][\/vc_column][vc_column offset=&#8221;vc_col-md-6&#8243;][vc_empty_space height=&#8221;40px&#8221; el_class=&#8221;visible-sm visible-xs&#8221;][title size=&#8221;small&#8221; position=&#8221;center&#8221; decoration=&#8221;on&#8221; underline=&#8221;on&#8221; style=&#8221;dark&#8221; text=&#8221;Tabs&#8221;][tabs style=&#8221;with-border&#8221;][tab_item title=&#8221;Title 1&#8243; is_active=&#8221;on&#8221;]Lorem ipsum 1[\/tab_item] [tab_item title=&#8221;Title 2&#8243;]Lorem ipsum 2[\/tab_item] [tab_item title=&#8221;Title 3&#8243;]Lorem ipsum 3[\/tab_item][\/tabs][\/vc_column][\/vc_row]<\/p>","protected":false},"excerpt":{"rendered":"<p>[vc_row el_class=&#8221;margin-bottom&#8221;][vc_column offset=&#8221;vc_col-md-7&#8243;][latest_posts title=&#8221;Latest Posts&#8221; title_underline=&#8221;on&#8221; number=&#8221;1&#8243; read_more_text=&#8221;Read more&#8221; words_limit=&#8221;25&#8243; ignore_sticky_posts=&#8221;on&#8221; order=&#8221;DESC&#8221; orderby=&#8221;date&#8221; translate=&#8221;on&#8221;][\/vc_column][vc_column offset=&#8221;vc_col-md-5&#8243;][vc_empty_space height=&#8221;40px&#8221; el_class=&#8221;visible-sm visible-xs&#8221;][title size=&#8221;small&#8221; position=&#8221;center&#8221; decoration=&#8221;on&#8221; underline=&#8221;on&#8221; style=&#8221;dark&#8221; text=&#8221;timeline&#8221;][timeline][timeline_item item_number=&#8221;1&#8243; title=&#8221;Day 1&#8243;]Lorem ipsum 1[\/timeline_item][timeline_item item_number=&#8221;2&#8243; [&hellip;]<\/p>","protected":false},"author":2,"featured_media":0,"parent":0,"menu_order":0,"comment_status":"closed","ping_status":"closed","template":"template-boxed.php","meta":{"footnotes":""},"class_list":["post-830","page","type-page","status-publish","hentry"],"_links":{"self":[{"href":"https:\/\/egypt-snorkeling.com\/hu\/wp-json\/wp\/v2\/pages\/830","targetHints":{"allow":["GET"]}}],"collection":[{"href":"https:\/\/egypt-snorkeling.com\/hu\/wp-json\/wp\/v2\/pages"}],"about":[{"href":"https:\/\/egypt-snorkeling.com\/hu\/wp-json\/wp\/v2\/types\/page"}],"author":[{"embeddable":true,"href":"https:\/\/egypt-snorkeling.com\/hu\/wp-json\/wp\/v2\/users\/2"}],"replies":[{"embeddable":true,"href":"https:\/\/egypt-snorkeling.com\/hu\/wp-json\/wp\/v2\/comments?post=830"}],"version-history":[{"count":0,"href":"https:\/\/egypt-snorkeling.com\/hu\/wp-json\/wp\/v2\/pages\/830\/revisions"}],"wp:attachment":[{"href":"https:\/\/egypt-snorkeling.com\/hu\/wp-json\/wp\/v2\/media?parent=830"}],"curies":[{"name":"wp","href":"https:\/\/api.w.org\/{rel}","templated":true}]}}