{"id":826,"date":"2015-09-30T09:37:26","date_gmt":"2015-09-30T09:37:26","guid":{"rendered":"http:\/\/adventure-tours.themedelight.com\/?page_id=826"},"modified":"2015-09-30T09:37:26","modified_gmt":"2015-09-30T09:37:26","slug":"shortcode-external-services","status":"publish","type":"page","link":"https:\/\/egypt-snorkeling.com\/hu\/shortcode-external-services\/","title":{"rendered":"R\u00f6vidk\u00f3d\u00fa k\u00fcls\u0151 szolg\u00e1ltat\u00e1sok"},"content":{"rendered":"<p>[title text=\u201dMailchimp\u201d subtitle=\u201dTeljes sz\u00e9less\u00e9g\u0171 elrendez\u00e9s\u201d size=\u201dbit\u201d position=\u201dcenter\u201d decoration=\u201don\u201d underline=\u201don\u201d style=\u201ddark\u201d][mailchimp_form mc4wp_form_id=\u201d\u201d title=\u201dIRATKOZZ A H\u00cdRLEV\u00c9LRE\u201d css_class=\u201dmargin-bottom\u201d width_mode=\u201dfull-width\u201d bg_url=\u201dhttp:\/\/adventure-tours.themedelight.com\/wp-content\/uploads\/2015\/07\/peyto-lake.jpg\u201d bg_repeat=\u201drepeat\u201d]\u00cdgy \u00e9rtes\u00fclhetsz a legjobb havi aj\u00e1nlatainkr\u00f3l[\/mailchimp_form][title text=\u201dMailchimp\u201d subtitle=\u201dElrendez\u00e9si mez\u0151 sz\u00e9less\u00e9ge\u201d size=\u201dbit\u201d position=\u201dcenter\u201d decoration=\u201don\u201d underline=\u201don\u201d style=\u201ddark\u201d][mailchimp_form mc4wp_form_id=\u201d\u201d title=\u201dIRATKOZZ A H\u00cdRLEV\u00c9LRE\u201d css_class=\u201dmargin-top margin-bottom\u201d width_mode=\u201dbox-width\u201d bg_url=\u201dhttp:\/\/adventure-tours.themedelight.com\/wp-content\/uploads\/2015\/07\/peyto-lake.jpg\u201d bg_repeat=\u201drepeat\u201d]\u00cdrj a legjobb havi aj\u00e1nlatainkra[\/mailchimp_form][title text=\u201dGoogle t\u00e9rk\u00e9p\u201d subtitle=\u201dTeljes sz\u00e9less\u00e9g\u0171 elrendez\u00e9s\u201d size=\u201dbit\u201d position=\u201dcenter\u201d decoration=\u201don\u201d underline=\u201don\u201d style=\u201ddark\u201d][google_map koordin\u00e1t\u00e1k=\u201d40.764324,-73.973057\u2033 zoom=\u201d10\u2033 height=\u201d400\u2033 width_mode=\u201dfull-width\u201d css_class=\u201dmargin-top margin-bottom\u201d][title text=\u201dGoogle t\u00e9rk\u00e9p\u201d subtitle=\u201dElrendez\u00e9si doboz sz\u00e9less\u00e9ge\u201d size=\u201dbit\u201d position=\u201dcenter\u201d decoration=\u201don\u201d underline=\u201don\u201d style=\u201ddark\u201d][google_map koordin\u00e1t\u00e1k=\u201d40.764324,-73.973057\u2033 zoom=\u201d10\u2033 magass\u00e1g=\u201d400\u2033 sz\u00e9less\u00e9g_m\u00f3d=\u201ddoboz-sz\u00e9less\u00e9g\u201d css_oszt\u00e1ly=\u201dmarg\u00f3-fels\u0151\u201d]<\/p>","protected":false},"excerpt":{"rendered":"<p>[title text=&#8221;Mailchimp&#8221; subtitle=&#8221;Layout full width&#8221; size=&#8221;bit&#8221; position=&#8221;center&#8221; decoration=&#8221;on&#8221; underline=&#8221;on&#8221; style=&#8221;dark&#8221;][mailchimp_form mc4wp_form_id=&#8221;&#8221; title=&#8221;JOIN THE NEWSLETTER&#8221; css_class=&#8221;margin-bottom&#8221; width_mode=&#8221;full-width&#8221; bg_url=&#8221;http:\/\/adventure-tours.themedelight.com\/wp-content\/uploads\/2015\/07\/peyto-lake.jpg&#8221; bg_repeat=&#8221;repeat&#8221;]To receive our best monthly deals[\/mailchimp_form][title text=&#8221;Mailchimp&#8221; subtitle=&#8221;Layout box width&#8221; size=&#8221;bit&#8221; position=&#8221;center&#8221; decoration=&#8221;on&#8221; [&hellip;]<\/p>","protected":false},"author":2,"featured_media":0,"parent":0,"menu_order":0,"comment_status":"closed","ping_status":"closed","template":"","meta":{"footnotes":""},"class_list":["post-826","page","type-page","status-publish","hentry"],"_links":{"self":[{"href":"https:\/\/egypt-snorkeling.com\/hu\/wp-json\/wp\/v2\/pages\/826","targetHints":{"allow":["GET"]}}],"collection":[{"href":"https:\/\/egypt-snorkeling.com\/hu\/wp-json\/wp\/v2\/pages"}],"about":[{"href":"https:\/\/egypt-snorkeling.com\/hu\/wp-json\/wp\/v2\/types\/page"}],"author":[{"embeddable":true,"href":"https:\/\/egypt-snorkeling.com\/hu\/wp-json\/wp\/v2\/users\/2"}],"replies":[{"embeddable":true,"href":"https:\/\/egypt-snorkeling.com\/hu\/wp-json\/wp\/v2\/comments?post=826"}],"version-history":[{"count":0,"href":"https:\/\/egypt-snorkeling.com\/hu\/wp-json\/wp\/v2\/pages\/826\/revisions"}],"wp:attachment":[{"href":"https:\/\/egypt-snorkeling.com\/hu\/wp-json\/wp\/v2\/media?parent=826"}],"curies":[{"name":"wp","href":"https:\/\/api.w.org\/{rel}","templated":true}]}}