{"id":426,"date":"2025-02-18T08:21:12","date_gmt":"2025-02-18T08:21:12","guid":{"rendered":"https:\/\/themegavias.com\/wp\/travivu\/enquiry-thank-you-page\/"},"modified":"2025-02-18T08:21:12","modified_gmt":"2025-02-18T08:21:12","slug":"enquiry-thank-you-page-2","status":"publish","type":"page","link":"https:\/\/egypt-snorkeling.com\/hu\/enquiry-thank-you-page-2\/","title":{"rendered":"Aj\u00e1nlatk\u00e9r\u00e9s K\u00f6sz\u00f6nj\u00fck oldal"},"content":{"rendered":"<p>K\u00f6sz\u00f6nj\u00fck a megkeres\u00e9st. Hamarosan felvessz\u00fck \u00d6nnel a kapcsolatot.<\/p>","protected":false},"excerpt":{"rendered":"<p>K\u00f6sz\u00f6nj\u00fck a megkeres\u00e9st. Hamarosan felvessz\u00fck \u00d6nnel a kapcsolatot.<\/p>","protected":false},"author":1,"featured_media":0,"parent":0,"menu_order":0,"comment_status":"closed","ping_status":"closed","template":"","meta":{"footnotes":""},"class_list":["post-426","page","type-page","status-publish","hentry"],"_links":{"self":[{"href":"https:\/\/egypt-snorkeling.com\/hu\/wp-json\/wp\/v2\/pages\/426","targetHints":{"allow":["GET"]}}],"collection":[{"href":"https:\/\/egypt-snorkeling.com\/hu\/wp-json\/wp\/v2\/pages"}],"about":[{"href":"https:\/\/egypt-snorkeling.com\/hu\/wp-json\/wp\/v2\/types\/page"}],"author":[{"embeddable":true,"href":"https:\/\/egypt-snorkeling.com\/hu\/wp-json\/wp\/v2\/users\/1"}],"replies":[{"embeddable":true,"href":"https:\/\/egypt-snorkeling.com\/hu\/wp-json\/wp\/v2\/comments?post=426"}],"version-history":[{"count":0,"href":"https:\/\/egypt-snorkeling.com\/hu\/wp-json\/wp\/v2\/pages\/426\/revisions"}],"wp:attachment":[{"href":"https:\/\/egypt-snorkeling.com\/hu\/wp-json\/wp\/v2\/media?parent=426"}],"curies":[{"name":"wp","href":"https:\/\/api.w.org\/{rel}","templated":true}]}}