{"id":251,"date":"2015-07-16T16:00:39","date_gmt":"2015-07-16T16:00:39","guid":{"rendered":"http:\/\/adventure-tours.themedelight.com\/?page_id=9"},"modified":"2015-07-16T16:00:39","modified_gmt":"2015-07-16T16:00:39","slug":"contact-us","status":"publish","type":"page","link":"https:\/\/egypt-snorkeling.com\/hu\/contact-us\/","title":{"rendered":"Kapcsolat"},"content":{"rendered":"<p>[vc_row el_class=&#8221;margin-bottom&#8221;][vc_column offset=&#8221;vc_col-md-6&#8243;][title size=&#8221;small&#8221; position=&#8221;left&#8221; decoration=&#8221;off&#8221; underline=&#8221;off&#8221; style=&#8221;dark&#8221; text=&#8221;Contact Details&#8221; subtitle=&#8221;Would like to talk?&#8221;][vc_column_text]If you have a story to share or a question that has not been answered on our website, please get in touch with us via contact details listed below or fill in the form on the right.<br \/>\n[\/vc_column_text][contact_info address=&#8221;777 Franklin St, San Francisco&#8221; phone=&#8221;+1 420-240-6000&#8243; email=&#8221;contact@adventuretours.com&#8221; skype=&#8221;adventure.tours&#8221;][vc_empty_space height=&#8221;20px&#8221;][social_icons title=&#8221;&#8221; facebook_url=&#8221;http:\/\/facebook.com&#8221; twitter_url=&#8221;http:\/\/twitter.com&#8221; pinterest_url=&#8221;http:\/\/pinterest.com&#8221; linkedin_url=&#8221;http:\/\/linkedin.com&#8221;][\/vc_column][vc_column offset=&#8221;vc_col-md-6&#8243;][vc_empty_space height=&#8221;40px&#8221; el_class=&#8221;visible-sm visible-xs&#8221;][title size=&#8221;small&#8221; position=&#8221;left&#8221; decoration=&#8221;off&#8221; underline=&#8221;off&#8221; style=&#8221;dark&#8221; text=&#8221;Get in Touch&#8221; subtitle=&#8221;Have a question?&#8221;]<p class=\"wpcf7-contact-form-not-found\"><strong>Hiba:<\/strong> Kapcsolatfelv\u00e9teli \u0171rlap nem tal\u00e1lhat\u00f3.<\/p>[\/vc_column][\/vc_row][vc_row][vc_column][google_map coordinates=&#8221;37.7919688,-122.4243583&#8243; zoom=&#8221;10&#8243; height=&#8221;400&#8243; width_mode=&#8221;full-width&#8221; css_class=&#8221;stick-to-bottom&#8221;][\/vc_column][\/vc_row]<\/p>","protected":false},"excerpt":{"rendered":"<p>[vc_row el_class=&#8221;margin-bottom&#8221;][vc_column offset=&#8221;vc_col-md-6&#8243;][title size=&#8221;small&#8221; position=&#8221;left&#8221; decoration=&#8221;off&#8221; underline=&#8221;off&#8221; style=&#8221;dark&#8221; text=&#8221;Contact Details&#8221; subtitle=&#8221;Would like to talk?&#8221;][vc_column_text]If you have a story to share or a question that has not been answered on our [&hellip;]<\/p>","protected":false},"author":2,"featured_media":0,"parent":0,"menu_order":0,"comment_status":"open","ping_status":"open","template":"","meta":{"footnotes":""},"class_list":["post-251","page","type-page","status-publish","hentry"],"_links":{"self":[{"href":"https:\/\/egypt-snorkeling.com\/hu\/wp-json\/wp\/v2\/pages\/251","targetHints":{"allow":["GET"]}}],"collection":[{"href":"https:\/\/egypt-snorkeling.com\/hu\/wp-json\/wp\/v2\/pages"}],"about":[{"href":"https:\/\/egypt-snorkeling.com\/hu\/wp-json\/wp\/v2\/types\/page"}],"author":[{"embeddable":true,"href":"https:\/\/egypt-snorkeling.com\/hu\/wp-json\/wp\/v2\/users\/2"}],"replies":[{"embeddable":true,"href":"https:\/\/egypt-snorkeling.com\/hu\/wp-json\/wp\/v2\/comments?post=251"}],"version-history":[{"count":0,"href":"https:\/\/egypt-snorkeling.com\/hu\/wp-json\/wp\/v2\/pages\/251\/revisions"}],"wp:attachment":[{"href":"https:\/\/egypt-snorkeling.com\/hu\/wp-json\/wp\/v2\/media?parent=251"}],"curies":[{"name":"wp","href":"https:\/\/api.w.org\/{rel}","templated":true}]}}