{"id":1309,"date":"2024-11-04T04:29:48","date_gmt":"2024-11-04T04:29:48","guid":{"rendered":"https:\/\/themegavias.com\/wp\/travivu\/?page_id=26"},"modified":"2024-11-04T04:29:48","modified_gmt":"2024-11-04T04:29:48","slug":"events-page","status":"publish","type":"page","link":"https:\/\/egypt-snorkeling.com\/hu\/events-page\/","title":{"rendered":"Esem\u00e9nyek oldal"},"content":{"rendered":"<div data-elementor-type=\"wp-page\" data-elementor-id=\"1309\" class=\"elementor elementor-1309\">\n\t\t\t\t<div class=\"elementor-element elementor-element-1f20b16 e-flex e-con-boxed e-con e-parent\" data-id=\"1f20b16\" data-element_type=\"container\" data-e-type=\"container\" data-settings=\"{&quot;background_background&quot;:&quot;slideshow&quot;,&quot;background_slideshow_gallery&quot;:[{&quot;id&quot;:124,&quot;url&quot;:&quot;https:\\\/\\\/themegavias.com\\\/wp\\\/travivu\\\/wp-content\\\/uploads\\\/2024\\\/11\\\/breadcrumb.jpg&quot;},{&quot;id&quot;:127,&quot;url&quot;:&quot;https:\\\/\\\/themegavias.com\\\/wp\\\/travivu\\\/wp-content\\\/uploads\\\/2024\\\/11\\\/breadcrumb-01.jpg&quot;}],&quot;background_slideshow_ken_burns&quot;:&quot;yes&quot;,&quot;background_slideshow_loop&quot;:&quot;yes&quot;,&quot;background_slideshow_slide_duration&quot;:5000,&quot;background_slideshow_slide_transition&quot;:&quot;fade&quot;,&quot;background_slideshow_transition_duration&quot;:500,&quot;background_slideshow_ken_burns_zoom_direction&quot;:&quot;in&quot;}\">\n\t\t\t\t\t<div class=\"e-con-inner\">\n\t\t<div class=\"elementor-element elementor-element-fdfda1f e-con-full e-flex e-con e-child\" data-id=\"fdfda1f\" data-element_type=\"container\" data-e-type=\"container\">\n\t\t\t\t<div class=\"elementor-element elementor-element-1793e9e elementor-widget elementor-widget-gva-heading-block\" data-id=\"1793e9e\" data-element_type=\"widget\" data-e-type=\"widget\" data-widget_type=\"gva-heading-block.default\">\n\t\t\t\t<div class=\"elementor-widget-container\">\n\t\t\t\t\t<div class=\"gva-element-gva-heading-block gva-element\">\r\n   <div class=\"align-left style-1 widget gsc-heading box-align-left auto-responsive\">\r\n      \r\n      <div class=\"content-inner\">\r\n                  \r\n           \r\n         \r\n                     <h2 class=\"title\">\r\n               <span>Esem\u00e9nyek<\/span>\r\n            <\/h2>\r\n                  \r\n                     <div class=\"title-desc\">Az emberek nem visznek, az utaz\u00e1sok viszik az embereket<\/div>\r\n         \r\n               <\/div>\r\n\r\n   <\/div>\r\n\r\n<\/div>\t\t\t\t<\/div>\n\t\t\t\t<\/div>\n\t\t\t\t<\/div>\n\t\t\t\t\t<\/div>\n\t\t\t\t<\/div>\n\t\t<div class=\"elementor-element elementor-element-4950e6d e-flex e-con-boxed e-con e-parent\" data-id=\"4950e6d\" data-element_type=\"container\" data-e-type=\"container\">\n\t\t\t\t\t<div class=\"e-con-inner\">\n\t\t<div class=\"elementor-element elementor-element-98fa22e e-con-full e-flex e-con e-child\" data-id=\"98fa22e\" data-element_type=\"container\" data-e-type=\"container\">\n\t\t\t\t<div class=\"elementor-element elementor-element-5eaa5fa elementor-widget elementor-widget-gva-events\" data-id=\"5eaa5fa\" data-element_type=\"widget\" data-e-type=\"widget\" data-widget_type=\"gva-events.default\">\n\t\t\t\t<div class=\"elementor-widget-container\">\n\t\t\t\t\t<div class=\"gva-element-gva-events gva-element\"><\/div>\t\t\t\t<\/div>\n\t\t\t\t<\/div>\n\t\t\t\t<\/div>\n\t\t\t\t\t<\/div>\n\t\t\t\t<\/div>\n\t\t<div class=\"elementor-element elementor-element-82efcce e-flex e-con-boxed e-con e-parent\" data-id=\"82efcce\" data-element_type=\"container\" data-e-type=\"container\" data-settings=\"{&quot;background_background&quot;:&quot;classic&quot;}\">\n\t\t\t\t\t<div class=\"e-con-inner\">\n\t\t<div class=\"elementor-element elementor-element-7198b3a e-con-full e-flex e-con e-child\" data-id=\"7198b3a\" data-element_type=\"container\" data-e-type=\"container\">\n\t\t\t\t<div class=\"elementor-element elementor-element-5ca8875 elementor-widget elementor-widget-gva-heading-block\" data-id=\"5ca8875\" data-element_type=\"widget\" data-e-type=\"widget\" data-widget_type=\"gva-heading-block.default\">\n\t\t\t\t<div class=\"elementor-widget-container\">\n\t\t\t\t\t<div class=\"gva-element-gva-heading-block gva-element\">\r\n   <div class=\"align-left style-2 widget gsc-heading box-align-left auto-responsive\">\r\n      \r\n      <div class=\"content-inner\">\r\n                  \r\n         <div class=\"sub-title\"><span class=\"tagline\">K\u00fcl\u00f6nleges aj\u00e1nlat \u00d6nnek<\/span><\/div>  \r\n         \r\n                     <h2 class=\"title\">\r\n               <span>V\u00e1ltsd val\u00f3ra utaz\u00e1si \u00e1lmaidat <\/span>\r\n            <\/h2>\r\n                  \r\n                     <div class=\"title-desc\">A Lorem Ipsum sz\u00f6vegr\u00e9szeinek sz\u00e1mos v\u00e1ltozata el\u00e9rhet\u0151, de a t\u00f6bbs\u00e9g.<\/div>\r\n         \r\n                     <div class=\"heading-action\">\r\n               \t\t  <a href=\"https:\/\/themegavias.com\/wp\/travivu\/all-tours\/\" class=\"btn-cta btn-white\" target=\"_blank\" rel=\"noopener\">\r\n\t\t\t <span>Foglal\u00e1s ind\u00edt\u00e1sa<\/span>\r\n\t\t  <\/a>\r\n\r\n\t\t              <\/div>\r\n               <\/div>\r\n\r\n   <\/div>\r\n\r\n<\/div>\t\t\t\t<\/div>\n\t\t\t\t<\/div>\n\t\t\t\t<\/div>\n\t\t<div class=\"elementor-element elementor-element-95c35d7 e-con-full e-flex e-con e-child\" data-id=\"95c35d7\" data-element_type=\"container\" data-e-type=\"container\">\n\t\t\t\t<div class=\"elementor-element elementor-element-c2f1841 elementor-widget elementor-widget-gva-image-content\" data-id=\"c2f1841\" data-element_type=\"widget\" data-e-type=\"widget\" data-widget_type=\"gva-image-content.default\">\n\t\t\t\t<div class=\"elementor-widget-container\">\n\t\t\t\t\t<div class=\"gva-element-gva-image-content gva-element\">\t\t\r\n  \r\n\t \r\n\r\n \r\n\r\n\t<div class=\"about-three__single\">\r\n\t  \t<div class=\"about-three__logo\"><img decoding=\"async\" src=\"https:\/\/themegavias.com\/wp\/travivu\/wp-content\/uploads\/2024\/11\/logo-2.png\" alt=\"Quality Standards\" \/><\/div><div class=\"about-three__image\"><div class=\"content-inner\">\t\t  <a href=\"#\">\r\n\t\t\t <img decoding=\"async\" src=\"https:\/\/themegavias.com\/wp\/travivu\/wp-content\/uploads\/2024\/11\/image-04.png\" alt=\"Quality Standards\" \/>\t\t  <\/a>\r\n\t\t  <\/div><\/div><div class=\"about-three__image-second\"><div class=\"content-inner\">\t\t  <a href=\"#\">\r\n\t\t\t <img decoding=\"async\" src=\"https:\/\/themegavias.com\/wp\/travivu\/wp-content\/uploads\/2024\/11\/image-05.png\" alt=\"Quality Standards\" \/>\t\t  <\/a>\r\n\t\t  <\/div><\/div><div class=\"about-three__image-third\"><div class=\"content-inner\">\t\t  <a href=\"#\">\r\n\t\t\t <img decoding=\"async\" src=\"https:\/\/themegavias.com\/wp\/travivu\/wp-content\/uploads\/2024\/11\/image-06.png\" alt=\"Quality Standards\" \/>\t\t  <\/a>\r\n\t\t  <\/div><\/div>\t<\/div>\r\n\r\n \r\n  \r\n \r\n\r\n  \r\n \r\n\r\n \r\n\r\n\r\n\t<\/div>\t\t\t\t<\/div>\n\t\t\t\t<\/div>\n\t\t\t\t<\/div>\n\t\t\t\t\t<\/div>\n\t\t\t\t<\/div>\n\t\t\t\t<\/div>","protected":false},"excerpt":{"rendered":"<p>Events People Don\u2019t Take, Trips Take People 20 Dec December 20, 2026 @ 12:00 am Adventure travel highlights travel diverse landscapes 20 Nov November 20, 2026 @ 12:00 am Switzerland [&hellip;]<\/p>","protected":false},"author":1,"featured_media":0,"parent":0,"menu_order":0,"comment_status":"closed","ping_status":"closed","template":"","meta":{"footnotes":""},"class_list":["post-1309","page","type-page","status-publish","hentry"],"_links":{"self":[{"href":"https:\/\/egypt-snorkeling.com\/hu\/wp-json\/wp\/v2\/pages\/1309","targetHints":{"allow":["GET"]}}],"collection":[{"href":"https:\/\/egypt-snorkeling.com\/hu\/wp-json\/wp\/v2\/pages"}],"about":[{"href":"https:\/\/egypt-snorkeling.com\/hu\/wp-json\/wp\/v2\/types\/page"}],"author":[{"embeddable":true,"href":"https:\/\/egypt-snorkeling.com\/hu\/wp-json\/wp\/v2\/users\/1"}],"replies":[{"embeddable":true,"href":"https:\/\/egypt-snorkeling.com\/hu\/wp-json\/wp\/v2\/comments?post=1309"}],"version-history":[{"count":0,"href":"https:\/\/egypt-snorkeling.com\/hu\/wp-json\/wp\/v2\/pages\/1309\/revisions"}],"wp:attachment":[{"href":"https:\/\/egypt-snorkeling.com\/hu\/wp-json\/wp\/v2\/media?parent=1309"}],"curies":[{"name":"wp","href":"https:\/\/api.w.org\/{rel}","templated":true}]}}