{"id":1270,"date":"2025-09-13T09:52:01","date_gmt":"2025-09-13T09:52:01","guid":{"rendered":"https:\/\/egypt-snorkeling.com\/wp-travel-engine-checkout\/"},"modified":"2025-09-13T09:52:01","modified_gmt":"2025-09-13T09:52:01","slug":"wp-travel-engine-checkout","status":"publish","type":"page","link":"https:\/\/egypt-snorkeling.com\/hu\/wp-travel-engine-checkout\/","title":{"rendered":"WP Travel Engine fizet\u00e9s"},"content":{"rendered":"Sajn\u00e1ljuk, de lehet, hogy nem v\u00e1lasztott ki az utaz\u00f3k sz\u00e1m\u00e1t v\u00e1lasztotta ki erre az utaz\u00e1sra. K\u00e9rj\u00fck, v\u00e1lassza ki az utasok sz\u00e1m\u00e1t, \u00e9s er\u0151s\u00edtse meg a jelentkez\u00e9st. K\u00f6sz\u00f6nj\u00fck!","protected":false},"excerpt":{"rendered":"","protected":false},"author":1,"featured_media":0,"parent":0,"menu_order":0,"comment_status":"closed","ping_status":"closed","template":"","meta":{"footnotes":""},"class_list":["post-1270","page","type-page","status-publish","hentry"],"_links":{"self":[{"href":"https:\/\/egypt-snorkeling.com\/hu\/wp-json\/wp\/v2\/pages\/1270","targetHints":{"allow":["GET"]}}],"collection":[{"href":"https:\/\/egypt-snorkeling.com\/hu\/wp-json\/wp\/v2\/pages"}],"about":[{"href":"https:\/\/egypt-snorkeling.com\/hu\/wp-json\/wp\/v2\/types\/page"}],"author":[{"embeddable":true,"href":"https:\/\/egypt-snorkeling.com\/hu\/wp-json\/wp\/v2\/users\/1"}],"replies":[{"embeddable":true,"href":"https:\/\/egypt-snorkeling.com\/hu\/wp-json\/wp\/v2\/comments?post=1270"}],"version-history":[{"count":0,"href":"https:\/\/egypt-snorkeling.com\/hu\/wp-json\/wp\/v2\/pages\/1270\/revisions"}],"wp:attachment":[{"href":"https:\/\/egypt-snorkeling.com\/hu\/wp-json\/wp\/v2\/media?parent=1270"}],"curies":[{"name":"wp","href":"https:\/\/api.w.org\/{rel}","templated":true}]}}