{"id":1203,"date":"2016-02-17T08:49:33","date_gmt":"2016-02-17T08:49:33","guid":{"rendered":"http:\/\/adventure-tours.themedelight.com\/?page_id=1203"},"modified":"2016-02-17T08:49:33","modified_gmt":"2016-02-17T08:49:33","slug":"shortcode-products","status":"publish","type":"page","link":"https:\/\/egypt-snorkeling.com\/hu\/shortcode-products\/","title":{"rendered":"R\u00f6vidk\u00f3dos term\u00e9kek"},"content":{"rendered":"<p>[product_carousel title=\u201dTerm\u00e9kek k\u00f6rhinta\u201d title_underline=\u201dbe\u201d sub_title=\u201dH\u00e1tt\u00e9r n\u00e9lk\u00fcl\u201d description_words_limit=\u201d20\u2033 slides_number=\u201d3\u2033 number=\u201d6\u2033 arrow_style=\u201ddark\u201d order=\u201dDESC\u201d orderby=\u201ddate\u201d][product_carousel title=\u201dTerm\u00e9kek k\u00f6rhinta\u201d title_underline=\u201dki\u201d sub_title=\u201dH\u00e1tt\u00e9rrel\u201d description_words_limit=\u201d20\u2033 slides_number=\u201d3\u2033 number=\u201d6\u2033 css_class=\u201dmargin-bottom-large\u201d bg_url=\u201dhttp:\/\/cdn2-adventure-tours.themedelight.com\/wp-content\/uploads\/2015\/09\/most-popular-bg.jpg\u201d arrow_style=\u201dlight\u201d order=\u201dDESC\u201d orderby=\u201ddate\u201d][title text=\u201dTerm\u00e9kek\u201d subtitle=\u201dshortcode\u201d size=\u201dsmall\u201d position=\u201dcenter\u201d dekor\u00e1ci\u00f3=\u201dbe\u201d al\u00e1h\u00faz\u00e1s=\u201dbe\u201d st\u00edlus=\u201ds\u00f6t\u00e9t\u201d]<div class=\"woocommerce columns-3\"><\/div>[title text=\u201dTerm\u00e9kkateg\u00f3ri\u00e1k\u201d subtitle=\u201dshortcode\u201d size=\u201dsmall\u201d position=\u201dcenter\u201d decoration=\u201don\u201d underline=\u201don\u201d style=\u201ddark\u201d css_class=\u201dmargin-top-large\u201d]<div class=\"woocommerce columns-4\"><\/div><\/p>","protected":false},"excerpt":{"rendered":"<p>[product_carousel title=&#8221;Products carousel&#8221; title_underline=&#8221;on&#8221; sub_title=&#8221;Without background&#8221; description_words_limit=&#8221;20&#8243; slides_number=&#8221;3&#8243; number=&#8221;6&#8243; arrow_style=&#8221;dark&#8221; order=&#8221;DESC&#8221; orderby=&#8221;date&#8221;][product_carousel title=&#8221;Products carousel&#8221; title_underline=&#8221;off&#8221; sub_title=&#8221;With background&#8221; description_words_limit=&#8221;20&#8243; slides_number=&#8221;3&#8243; number=&#8221;6&#8243; css_class=&#8221;margin-bottom-large&#8221; bg_url=&#8221;http:\/\/cdn2-adventure-tours.themedelight.com\/wp-content\/uploads\/2015\/09\/most-popular-bg.jpg&#8221; arrow_style=&#8221;light&#8221; order=&#8221;DESC&#8221; orderby=&#8221;date&#8221;][title text=&#8221;Products&#8221; subtitle=&#8221;shortcode&#8221; size=&#8221;small&#8221; position=&#8221;center&#8221; decoration=&#8221;on&#8221; [&hellip;]<\/p>","protected":false},"author":2,"featured_media":0,"parent":0,"menu_order":0,"comment_status":"closed","ping_status":"closed","template":"","meta":{"footnotes":""},"class_list":["post-1203","page","type-page","status-publish","hentry"],"_links":{"self":[{"href":"https:\/\/egypt-snorkeling.com\/hu\/wp-json\/wp\/v2\/pages\/1203","targetHints":{"allow":["GET"]}}],"collection":[{"href":"https:\/\/egypt-snorkeling.com\/hu\/wp-json\/wp\/v2\/pages"}],"about":[{"href":"https:\/\/egypt-snorkeling.com\/hu\/wp-json\/wp\/v2\/types\/page"}],"author":[{"embeddable":true,"href":"https:\/\/egypt-snorkeling.com\/hu\/wp-json\/wp\/v2\/users\/2"}],"replies":[{"embeddable":true,"href":"https:\/\/egypt-snorkeling.com\/hu\/wp-json\/wp\/v2\/comments?post=1203"}],"version-history":[{"count":0,"href":"https:\/\/egypt-snorkeling.com\/hu\/wp-json\/wp\/v2\/pages\/1203\/revisions"}],"wp:attachment":[{"href":"https:\/\/egypt-snorkeling.com\/hu\/wp-json\/wp\/v2\/media?parent=1203"}],"curies":[{"name":"wp","href":"https:\/\/api.w.org\/{rel}","templated":true}]}}