{"id":1203,"date":"2016-02-17T08:49:33","date_gmt":"2016-02-17T08:49:33","guid":{"rendered":"http:\/\/adventure-tours.themedelight.com\/?page_id=1203"},"modified":"2016-02-17T08:49:33","modified_gmt":"2016-02-17T08:49:33","slug":"shortcode-products","status":"publish","type":"page","link":"https:\/\/egypt-snorkeling.com\/fr\/shortcode-products\/","title":{"rendered":"Produits \u00e0 code court"},"content":{"rendered":"<p>[product_carousel title=&quot;Carrousel de produits&quot; title_underline=&quot;on&quot; sub_title=&quot;Sans fond&quot; description_words_limit=&quot;20&quot; slides_number=&quot;3&quot; number=&quot;6&quot; arrow_style=&quot;dark&quot; order=&quot;DESC&quot; orderby=&quot;date&quot;][product_carousel title=&quot;Carrousel de produits&quot; title_underline=&quot;off&quot; sub_title=&quot;Avec fond&quot; description_words_limit=&quot;20&quot; slides_number=&quot;3&quot; number=&quot;6&quot; css_class=&quot;margin-bottom-large&quot; bg_url=&quot;http:\/\/cdn2-adventure-tours.themedelight.com\/wp-content\/uploads\/2015\/09\/most-popular-bg.jpg&quot; arrow_style=&quot;light&quot; order=&quot;DESC&quot; orderby=&quot;date&quot;][title text=&quot;Produits&quot; subtitle=&quot;shortcode&quot; taille=&quot;petite&quot; position=&quot;centre&quot; d\u00e9coration=&quot;activ\u00e9e&quot; soulignement=&quot;activ\u00e9&quot; style=&quot;fonc\u00e9&quot;]<div class=\"woocommerce columns-3\"><\/div>[title text=&quot;Cat\u00e9gories de produits&quot; subtitle=&quot;shortcode&quot; size=&quot;small&quot; position=&quot;center&quot; decoration=&quot;on&quot; underline=&quot;on&quot; style=&quot;dark&quot; css_class=&quot;margin-top-large&quot;]<div class=\"woocommerce columns-4\"><\/div><\/p>","protected":false},"excerpt":{"rendered":"<p>[product_carousel title=&#8221;Products carousel&#8221; title_underline=&#8221;on&#8221; sub_title=&#8221;Without background&#8221; description_words_limit=&#8221;20&#8243; slides_number=&#8221;3&#8243; number=&#8221;6&#8243; arrow_style=&#8221;dark&#8221; order=&#8221;DESC&#8221; orderby=&#8221;date&#8221;][product_carousel title=&#8221;Products carousel&#8221; title_underline=&#8221;off&#8221; sub_title=&#8221;With background&#8221; description_words_limit=&#8221;20&#8243; slides_number=&#8221;3&#8243; number=&#8221;6&#8243; css_class=&#8221;margin-bottom-large&#8221; bg_url=&#8221;http:\/\/cdn2-adventure-tours.themedelight.com\/wp-content\/uploads\/2015\/09\/most-popular-bg.jpg&#8221; arrow_style=&#8221;light&#8221; order=&#8221;DESC&#8221; orderby=&#8221;date&#8221;][title text=&#8221;Products&#8221; subtitle=&#8221;shortcode&#8221; size=&#8221;small&#8221; position=&#8221;center&#8221; decoration=&#8221;on&#8221; [&hellip;]<\/p>","protected":false},"author":2,"featured_media":0,"parent":0,"menu_order":0,"comment_status":"closed","ping_status":"closed","template":"","meta":{"footnotes":""},"class_list":["post-1203","page","type-page","status-publish","hentry"],"_links":{"self":[{"href":"https:\/\/egypt-snorkeling.com\/fr\/wp-json\/wp\/v2\/pages\/1203","targetHints":{"allow":["GET"]}}],"collection":[{"href":"https:\/\/egypt-snorkeling.com\/fr\/wp-json\/wp\/v2\/pages"}],"about":[{"href":"https:\/\/egypt-snorkeling.com\/fr\/wp-json\/wp\/v2\/types\/page"}],"author":[{"embeddable":true,"href":"https:\/\/egypt-snorkeling.com\/fr\/wp-json\/wp\/v2\/users\/2"}],"replies":[{"embeddable":true,"href":"https:\/\/egypt-snorkeling.com\/fr\/wp-json\/wp\/v2\/comments?post=1203"}],"version-history":[{"count":0,"href":"https:\/\/egypt-snorkeling.com\/fr\/wp-json\/wp\/v2\/pages\/1203\/revisions"}],"wp:attachment":[{"href":"https:\/\/egypt-snorkeling.com\/fr\/wp-json\/wp\/v2\/media?parent=1203"}],"curies":[{"name":"wp","href":"https:\/\/api.w.org\/{rel}","templated":true}]}}